{"id":610,"date":"2017-12-13T22:17:41","date_gmt":"2017-12-13T22:17:41","guid":{"rendered":"https:\/\/staging-nfdm.kinsta.cloud\/?page_id=610"},"modified":"2024-04-16T12:21:57","modified_gmt":"2024-04-16T16:21:57","slug":"accesibilidad","status":"publish","type":"page","link":"https:\/\/nfdm.org\/es\/accesibilidad\/","title":{"rendered":"Accesibilidad"},"content":{"rendered":"<p><span style=\"font-weight: 400;\">Si tiene dificultades para utilizar o acceder a cualquier elemento de este sitio web o en cualquier aplicaci\u00f3n o herramienta m\u00f3vil de National Foundation for Debt Management (NFDM), por favor no dude en<\/span>&nbsp;<a href=\"mailto:accessibility@nfdm.org\">contactarse con nosotros<\/a>, <span style=\"font-weight: 400;\">trabajaremos con usted para proporcionarle la informaci\u00f3n, el servicio o la transacci\u00f3n que busca a trav\u00e9s de un m\u00e9todo de comunicaci\u00f3n que sea accesible para usted de acuerdo con la ley actual (por ejemplo, a trav\u00e9s de la asistencia telef\u00f3nica).<\/span><\/p>\n<p><span style=\"font-weight: 400;\">NFDM se compromete a garantizar la accesibilidad de su sitio web e intranet a las personas con discapacidad. Nos esforzamos para que los contenidos web nuevos y actualizados producidos por nuestra organizaci\u00f3n cumplan con la norma WCAG 2.0, nivel AA, para finales de 2020. Estamos adoptando una serie de medidas y dedicando recursos para seguir mejorando la accesibilidad de nuestro sitio web y otras tecnolog\u00edas.<\/span><\/p>\n<p><span style=\"font-weight: 400;\">Los proveedores de contenido de terceros son conscientes de nuestra pol\u00edtica de accesibilidad del sitio web. NFDM tambi\u00e9n favorecer\u00e1 a los proveedores en funci\u00f3n de sus declaraciones de conformidad con la accesibilidad. Lamentablemente, algunos contenidos de terceros en nuestro sitio, incluidos los mapas, pueden no ser accesibles a pesar de los esfuerzos realizados.<\/span><\/p>\n<p><span style=\"font-weight: 400;\">Esta pol\u00edtica se revisar\u00e1 anualmente el 1 de septiembre de cada a\u00f1o o antes, a partir de 2018, utilizando el proceso descrito en Metodolog\u00eda de evaluaci\u00f3n de la conformidad de la accesibilidad del sitio web. Las revisiones son responsabilidad del departamento de IT, entre otros. Las comprobaciones de accesibilidad se incorporar\u00e1n al flujo de trabajo de publicaci\u00f3n de todos los contenidos nuevos. Aunque estamos orgullosos de los esfuerzos que hemos realizado y de los que est\u00e1n en curso, en NFDM consideramos la accesibilidad como un esfuerzo continuo.<\/span><\/p>\n<p><span style=\"font-weight: 400;\">Cualquier problema con la accesibilidad del sitio o sugerencia sobre c\u00f3mo podemos mejorar nuestro sitio debe comunicarse <\/span> a <a href=\"mailto:accessibility@nfdm.org\">accessibility@nfdm.org<\/a>.<\/p>\n","protected":false},"excerpt":{"rendered":"<p>Si tiene dificultades para utilizar o acceder a cualquier elemento de este sitio web o en cualquier aplicaci\u00f3n o herramienta m\u00f3vil de National Foundation for Debt Management (NFDM), por favor no dude en&nbsp;contactarse con nosotros, trabajaremos con usted para proporcionarle la informaci\u00f3n, el servicio o la transacci\u00f3n que busca a trav\u00e9s de un m\u00e9todo de comunicaci\u00f3n que sea accesible para usted de acuerdo con la ley actual (por ejemplo, a&hellip; <\/p>\n","protected":false},"author":1,"featured_media":0,"parent":0,"menu_order":0,"comment_status":"closed","ping_status":"closed","template":"layouts\/page-fullwidth.php","meta":{"footnotes":""},"class_list":["post-610","page","type-page","status-publish","hentry"],"_links":{"self":[{"href":"https:\/\/nfdm.org\/es\/wp-json\/wp\/v2\/pages\/610","targetHints":{"allow":["GET"]}}],"collection":[{"href":"https:\/\/nfdm.org\/es\/wp-json\/wp\/v2\/pages"}],"about":[{"href":"https:\/\/nfdm.org\/es\/wp-json\/wp\/v2\/types\/page"}],"author":[{"embeddable":true,"href":"https:\/\/nfdm.org\/es\/wp-json\/wp\/v2\/users\/1"}],"replies":[{"embeddable":true,"href":"https:\/\/nfdm.org\/es\/wp-json\/wp\/v2\/comments?post=610"}],"version-history":[{"count":3,"href":"https:\/\/nfdm.org\/es\/wp-json\/wp\/v2\/pages\/610\/revisions"}],"predecessor-version":[{"id":878,"href":"https:\/\/nfdm.org\/es\/wp-json\/wp\/v2\/pages\/610\/revisions\/878"}],"wp:attachment":[{"href":"https:\/\/nfdm.org\/es\/wp-json\/wp\/v2\/media?parent=610"}],"curies":[{"name":"wp","href":"https:\/\/api.w.org\/{rel}","templated":true}]}}