{"id":61,"date":"2017-09-27T16:41:26","date_gmt":"2017-09-27T20:41:26","guid":{"rendered":"https:\/\/staging-nfdm.kinsta.cloud\/?page_id=61"},"modified":"2025-08-05T12:23:56","modified_gmt":"2025-08-05T16:23:56","slug":"programas-de-manejo-de-deudas","status":"publish","type":"page","link":"https:\/\/nfdm.org\/es\/credito-y-deuda\/programas-de-manejo-de-deudas\/","title":{"rendered":"Programas de manejo de deudas"},"content":{"rendered":"<p>\u00bfSiente que est\u00e1 luchando para mantenerse al d\u00eda con sus finanzas?<\/p>\n<p>Cuando se inscriba en el programa de manejo de deudas de NFDM, tendr\u00e1 la oportunidad de trabajar con un consejero de cr\u00e9dito certificado. Nuestro experto en manejo de deudas le guiar\u00e1 a trav\u00e9s de una soluci\u00f3n personalizada para sus <span style=\"font-weight: 400;\">desaf\u00edos<\/span> financieros.<\/p>\n<p>Los miembros de la Fundaci\u00f3n que se <span style=\"font-weight: 400;\">registran<\/span> en el programa de manejo de deudas de NFDM tambi\u00e9n pueden beneficiarse de:<\/p>\n<blockquote>\n<ul>\n<li>Consolidaci\u00f3n de m\u00faltiples pagos mensuales en un solo pago<\/li>\n<li>Reducci\u00f3n de las tasas de inter\u00e9s del dinero que le debe a los acreedores<\/li>\n<li>Reducci\u00f3n o eliminaci\u00f3n de los cargos por retraso y otros cargos<\/li>\n<li>Mejor comprensi\u00f3n de lo relacionado con el manejo del dinero<\/li>\n<\/ul>\n<\/blockquote>\n<p>\u00bfListo para registrarse? Si la respuesta es afirmativa, visite la secci\u00f3n <a href=\"\/es\/credito-y-deuda\/programas-de-manejo-de-deudas\/inscripcion-en-el-programa\/\">Registrarme<\/a>\u00a0de este sitio web para comenzar.<\/p>\n<p>\u00bfNo est\u00e1 seguro? Las herramientas de an\u00e1lisis financiero de esta secci\u00f3n del sitio web deber\u00edan ayudarle a decidir si su situaci\u00f3n financiera justifica la inscripci\u00f3n en un programa de manejo de deudas. Si, despu\u00e9s de esto, sigue sin estar seguro, ll\u00e1menos al 844-985-3586.<\/p>\n\n\n<p><\/p>\n","protected":false},"excerpt":{"rendered":"<p>\u00bfSiente que est\u00e1 luchando para mantenerse al d\u00eda con sus finanzas? Cuando se inscriba en el programa de manejo de deudas de NFDM, tendr\u00e1 la oportunidad de trabajar con un consejero de cr\u00e9dito certificado. Nuestro experto en manejo de deudas le guiar\u00e1 a trav\u00e9s de una soluci\u00f3n personalizada para sus desaf\u00edos financieros. Los miembros de la Fundaci\u00f3n que se registran en el programa de manejo de deudas de NFDM tambi\u00e9n&hellip; <\/p>\n","protected":false},"author":1,"featured_media":0,"parent":16,"menu_order":0,"comment_status":"closed","ping_status":"closed","template":"","meta":{"footnotes":""},"class_list":["post-61","page","type-page","status-publish","hentry"],"_links":{"self":[{"href":"https:\/\/nfdm.org\/es\/wp-json\/wp\/v2\/pages\/61","targetHints":{"allow":["GET"]}}],"collection":[{"href":"https:\/\/nfdm.org\/es\/wp-json\/wp\/v2\/pages"}],"about":[{"href":"https:\/\/nfdm.org\/es\/wp-json\/wp\/v2\/types\/page"}],"author":[{"embeddable":true,"href":"https:\/\/nfdm.org\/es\/wp-json\/wp\/v2\/users\/1"}],"replies":[{"embeddable":true,"href":"https:\/\/nfdm.org\/es\/wp-json\/wp\/v2\/comments?post=61"}],"version-history":[{"count":4,"href":"https:\/\/nfdm.org\/es\/wp-json\/wp\/v2\/pages\/61\/revisions"}],"predecessor-version":[{"id":1370,"href":"https:\/\/nfdm.org\/es\/wp-json\/wp\/v2\/pages\/61\/revisions\/1370"}],"up":[{"embeddable":true,"href":"https:\/\/nfdm.org\/es\/wp-json\/wp\/v2\/pages\/16"}],"wp:attachment":[{"href":"https:\/\/nfdm.org\/es\/wp-json\/wp\/v2\/media?parent=61"}],"curies":[{"name":"wp","href":"https:\/\/api.w.org\/{rel}","templated":true}]}}