{"id":59,"date":"2017-09-27T16:41:08","date_gmt":"2017-09-27T20:41:08","guid":{"rendered":"https:\/\/staging-nfdm.kinsta.cloud\/?page_id=59"},"modified":"2022-05-23T15:59:38","modified_gmt":"2022-05-23T19:59:38","slug":"acerca-de-la-educacion-financiera","status":"publish","type":"page","link":"https:\/\/nfdm.org\/es\/credito-y-deuda\/acerca-de-la-educacion-financiera\/","title":{"rendered":"Acerca de la educaci\u00f3n financiera"},"content":{"rendered":"<p><span style=\"font-weight: 400;\">National Foundation for Debt Management<\/span> ofrece una variedad de informaci\u00f3n educativa dise\u00f1ada para ayudar a las personas de todo el mundo a tomar el control de su situaci\u00f3n y a sentirse bien con su futuro financiero. Acceda a recursos y herramientas gratuitas que promueven una mejor comprensi\u00f3n de los temas relacionados con el manejo del dinero.<\/p>\n<p>La Fundaci\u00f3n tambi\u00e9n presenta seminarios y talleres educativos que definen los fundamentos del manejo personal del dinero y le ayudan a alcanzar sus objetivos:<\/p>\n<ul>\n<li><span style=\"font-weight: 400;\">Desarrolle una relaci\u00f3n con una instituci\u00f3n financiera<\/span><\/li>\n<li><span style=\"font-weight: 400;\">Decida cu\u00e1ndo y c\u00f3mo utilizar el cr\u00e9dito<\/span><\/li>\n<li><span style=\"font-weight: 400;\">Abra y mantenga una cuenta corriente<\/span><\/li>\n<li style=\"font-weight: 400;\" aria-level=\"1\"><span style=\"font-weight: 400;\">Prepare un presupuesto personal<\/span><\/li>\n<li><span style=\"font-weight: 400;\">Reconozca la importancia de ahorrar dinero<\/span><\/li>\n<li><span style=\"font-weight: 400;\">Conozca sus derechos como consumidor bancario<\/span><\/li>\n<li><span style=\"font-weight: 400;\">Comprenda la importancia del historial de cr\u00e9dito<\/span><\/li>\n<li><span style=\"font-weight: 400;\">Comprenda los costos y beneficios de utilizar una tarjeta de cr\u00e9dito<\/span><\/li>\n<li><span style=\"font-weight: 400;\">Conozca las caracter\u00edsticas de los pr\u00e9stamos a plazos para consumidores<\/span><\/li>\n<li><span style=\"font-weight: 400;\">Comprenda el proceso para conseguir financiaci\u00f3n para la compra de una vivienda<\/span><\/li>\n<\/ul>\n<div class=\"row relatedLinksContainer\">\n<ul class=\"relatedLinks\">\n<li><a href=\"\/es\/credito-y-deuda\/programas-de-manejo-de-deudas\/\">Acerca de los programas de manejo de deudas<\/a><\/li>\n<li><a href=\"\/es\/acerca-de-nfdm\/\">Acerca de NFDM<\/a><\/li>\n<\/ul>\n<\/div>\n\n\n<p><\/p>\n","protected":false},"excerpt":{"rendered":"<p>National Foundation for Debt Management ofrece una variedad de informaci\u00f3n educativa dise\u00f1ada para ayudar a las personas de todo el mundo a tomar el control de su situaci\u00f3n y a sentirse bien con su futuro financiero. Acceda a recursos y herramientas gratuitas que promueven una mejor comprensi\u00f3n de los temas relacionados con el manejo del dinero. La Fundaci\u00f3n tambi\u00e9n presenta seminarios y talleres educativos que definen los fundamentos del manejo&hellip; <\/p>\n","protected":false},"author":1,"featured_media":0,"parent":16,"menu_order":0,"comment_status":"closed","ping_status":"closed","template":"","meta":{"footnotes":""},"class_list":["post-59","page","type-page","status-publish","hentry"],"_links":{"self":[{"href":"https:\/\/nfdm.org\/es\/wp-json\/wp\/v2\/pages\/59","targetHints":{"allow":["GET"]}}],"collection":[{"href":"https:\/\/nfdm.org\/es\/wp-json\/wp\/v2\/pages"}],"about":[{"href":"https:\/\/nfdm.org\/es\/wp-json\/wp\/v2\/types\/page"}],"author":[{"embeddable":true,"href":"https:\/\/nfdm.org\/es\/wp-json\/wp\/v2\/users\/1"}],"replies":[{"embeddable":true,"href":"https:\/\/nfdm.org\/es\/wp-json\/wp\/v2\/comments?post=59"}],"version-history":[{"count":4,"href":"https:\/\/nfdm.org\/es\/wp-json\/wp\/v2\/pages\/59\/revisions"}],"predecessor-version":[{"id":894,"href":"https:\/\/nfdm.org\/es\/wp-json\/wp\/v2\/pages\/59\/revisions\/894"}],"up":[{"embeddable":true,"href":"https:\/\/nfdm.org\/es\/wp-json\/wp\/v2\/pages\/16"}],"wp:attachment":[{"href":"https:\/\/nfdm.org\/es\/wp-json\/wp\/v2\/media?parent=59"}],"curies":[{"name":"wp","href":"https:\/\/api.w.org\/{rel}","templated":true}]}}