{"id":53,"date":"2017-09-27T16:40:06","date_gmt":"2017-09-27T20:40:06","guid":{"rendered":"https:\/\/staging-nfdm.kinsta.cloud\/?page_id=53"},"modified":"2022-05-23T15:56:28","modified_gmt":"2022-05-23T19:56:28","slug":"propietarios-de-viviendas","status":"publish","type":"page","link":"https:\/\/nfdm.org\/es\/consejeria-de-vivienda\/propietarios-de-viviendas\/","title":{"rendered":"Propietarios de viviendas"},"content":{"rendered":"<p><span style=\"font-weight: 400;\">Ahora que es due\u00f1o de su casa, necesita estar al d\u00eda en temas que le permitan proteger su activo m\u00e1s valioso. Las soluciones de NFDM pueden ayudarle a evitar posibles errores financieros y mostrarle c\u00f3mo tomar decisiones sabias e informadas en relaci\u00f3n con su hipoteca y su propiedad.<\/span><\/p>\n<h2>Educaci\u00f3n sobre el mantenimiento del hogar<\/h2>\n<p><span style=\"font-weight: 400;\">Se presenta a los propietarios de vivienda formas rentables de mantener la casa en buen estado. NFDM puede mostrarle c\u00f3mo evitar incurrir en gastos innecesarios en la casa y c\u00f3mo mantener el valor de la misma.<\/span><\/p>\n<h2>Consejer\u00eda posterior a la compra<\/h2>\n<p><span style=\"font-weight: 400;\">Examinamos las segundas hipotecas, los pr\u00e9stamos sobre el capital, los pr\u00e9stamos para la mejora de la vivienda y la refinanciaci\u00f3n en funci\u00f3n de cada caso, para ayudarle a tomar decisiones acertadas para su futuro financiero.<\/span><\/p>\n<h2><b>Consejer\u00eda sobre faltas de pago y morosidad hipotecaria<\/b><\/h2>\n<p><span style=\"font-weight: 400;\">Las ejecuciones hipotecarias se est\u00e1n produciendo a un ritmo r\u00e9cord. Si est\u00e1 atrasado en los pagos de su hipoteca, la idea de perder su casa puede ser aterradora. Nuestros consejeros pueden ayudarle a establecer un presupuesto, establecer prioridades y determinar las estrategias adecuadas para ayudarle a conservar su propiedad.<\/span><\/p>\n<h2><b>Consejer\u00eda sobre hipotecas inversas<\/b><\/h2>\n<p>Los jubilados buscan cada vez m\u00e1s formas de complementar sus limitados ingresos. Los propietarios de viviendas mayores de 62 a\u00f1os pueden convertir el capital de su casa en flujos de ingresos mensuales y\/o en una l\u00ednea de cr\u00e9dito que se <span style=\"font-weight: 400;\">pagar\u00e1<\/span> cuando ya no ocupen la vivienda. Aprobado por el Departamento de Vivienda y Desarrollo Urbano de EE.UU. (HUD, por sus siglas en ingl\u00e9s) para ofrecer consejer\u00eda sobre la hipoteca de conversi\u00f3n del capital de la vivienda (HECM, por sus siglas en ingl\u00e9s), los consejeros de NFDM ayudan a las personas mayores a considerar sus opciones de hipotecas inversas para llegar a la decisi\u00f3n m\u00e1s informada.<\/p>\n<p>Visite <a href=\"http:\/\/portal.hud.gov\/hudportal\/HUD\" target=\"_blank\" rel=\"noopener noreferrer\">HUD<\/a> o <a href=\"http:\/\/www.aarp.org\/revmort\" target=\"_blank\" rel=\"noopener noreferrer\">AARP<\/a> en l\u00ednea para obtener m\u00e1s informaci\u00f3n sobre las hipotecas inversas, o complete nuestro <a href=\"#housingFormAnchor\">formulario de solicitud de contacto<\/a> para que un consejero de NFDM le ayude con su situaci\u00f3n.<\/p>\n<h2>Educaci\u00f3n para propietarios<\/h2>\n<p>\u00bfLe interesa invertir en una propiedad de alquiler? Ser propietario puede proporcionar un flujo de ingresos constante, pero conlleva muchas responsabilidades. Nuestro curso de <a href=\"https:\/\/www.landlordcert.org\/\">Certificaci\u00f3n de propietarios<\/a> en l\u00ednea est\u00e1 dise\u00f1ado para cumplir con los requisitos de educaci\u00f3n de su prestamista, al tiempo que le permite aprender en un momento y lugar que sea conveniente para usted.<\/p>\n<div class=\"row relatedLinksContainer\">\n<ul class=\"relatedLinks\">\n<li><a href=\"\/es\/acerca-de-nfdm\/\">Acerca de NFDM<\/a><\/li>\n<\/ul>\n<\/div>\n\n\n<p><\/p>\n","protected":false},"excerpt":{"rendered":"<p>Ahora que es due\u00f1o de su casa, necesita estar al d\u00eda en temas que le permitan proteger su activo m\u00e1s valioso. Las soluciones de NFDM pueden ayudarle a evitar posibles errores financieros y mostrarle c\u00f3mo tomar decisiones sabias e informadas en relaci\u00f3n con su hipoteca y su propiedad. Educaci\u00f3n sobre el mantenimiento del hogar Se presenta a los propietarios de vivienda formas rentables de mantener la casa en buen estado.&hellip; <\/p>\n","protected":false},"author":1,"featured_media":0,"parent":14,"menu_order":0,"comment_status":"closed","ping_status":"closed","template":"layouts\/page-housing-sidebar.php","meta":{"footnotes":""},"class_list":["post-53","page","type-page","status-publish","hentry"],"_links":{"self":[{"href":"https:\/\/nfdm.org\/es\/wp-json\/wp\/v2\/pages\/53","targetHints":{"allow":["GET"]}}],"collection":[{"href":"https:\/\/nfdm.org\/es\/wp-json\/wp\/v2\/pages"}],"about":[{"href":"https:\/\/nfdm.org\/es\/wp-json\/wp\/v2\/types\/page"}],"author":[{"embeddable":true,"href":"https:\/\/nfdm.org\/es\/wp-json\/wp\/v2\/users\/1"}],"replies":[{"embeddable":true,"href":"https:\/\/nfdm.org\/es\/wp-json\/wp\/v2\/comments?post=53"}],"version-history":[{"count":3,"href":"https:\/\/nfdm.org\/es\/wp-json\/wp\/v2\/pages\/53\/revisions"}],"predecessor-version":[{"id":890,"href":"https:\/\/nfdm.org\/es\/wp-json\/wp\/v2\/pages\/53\/revisions\/890"}],"up":[{"embeddable":true,"href":"https:\/\/nfdm.org\/es\/wp-json\/wp\/v2\/pages\/14"}],"wp:attachment":[{"href":"https:\/\/nfdm.org\/es\/wp-json\/wp\/v2\/media?parent=53"}],"curies":[{"name":"wp","href":"https:\/\/api.w.org\/{rel}","templated":true}]}}