{"id":51,"date":"2017-09-27T16:39:48","date_gmt":"2017-09-27T20:39:48","guid":{"rendered":"https:\/\/staging-nfdm.kinsta.cloud\/?page_id=51"},"modified":"2025-08-05T12:06:08","modified_gmt":"2025-08-05T16:06:08","slug":"compradores-de-viviendas","status":"publish","type":"page","link":"https:\/\/nfdm.org\/es\/consejeria-de-vivienda\/compradores-de-viviendas\/","title":{"rendered":"Compradores de viviendas"},"content":{"rendered":"<p>Los tiempos econ\u00f3micos inciertos pueden hacer que el sue\u00f1o de ser propietario de una vivienda parezca un objetivo dif\u00edcil de alcanzar. NFDM, una agencia de consejer\u00eda aprobada por el Departamento de Vivienda y Desarrollo Urbano (HUD, por sus siglas en ingl\u00e9s), puede ayudar a poner ese sue\u00f1o a su alcance.<\/p>\n<p>Nuestro programa de consejer\u00eda previa a la compra puede mostrarle c\u00f3mo calificar para una hipoteca a tasa de mercado. Los consejeros certificados de NFDM est\u00e1n disponibles para <span style=\"font-weight: 400;\">ofrecerle<\/span> educaci\u00f3n sobre lo que se necesita para convertirse en propietario de una vivienda. En persona o por tel\u00e9fono, ofrecemos consejer\u00eda confidencial individual. Nuestros consejeros expertos revisan su situaci\u00f3n financiera con usted para ayudarle a entender &#8220;cu\u00e1nto puede pagar por una casa&#8221; y desarrollar un plan personalizado para que pueda acceder a su vivienda.<\/p>\n<p>Lo guiamos paso a paso por el proceso de pr\u00e9stamo, le proporcionamos informaci\u00f3n para evitar los pr\u00e9stamos abusivos y le mostramos c\u00f3mo aprovechar la opci\u00f3n de pr\u00e9stamo m\u00e1s adecuada a su situaci\u00f3n. Incluso le ayudamos a investigar y determinar si re\u00fane los requisitos para los programas de ayuda al pago inicial que pueden acelerar el progreso hacia su objetivo de tener una casa.<\/p>\n<p>NFDM tambi\u00e9n organiza talleres p\u00fablicos y privados en el condado de Pinellas, Florida, en los que los residentes pueden aprender sobre el proceso de compra de una vivienda en un aula.<\/p>\n<p>Llame a la l\u00ednea directa de NFDM para discutir lo que podemos hacer para ayudar a que su sue\u00f1o de ser due\u00f1o de una casa sea una realidad.<\/p>\n<p><span style=\"font-weight: 400;\">Cont\u00e1ctenos<\/span>: 844-789-3838 o, <a href=\"http:\/\/www.homebuyercert.org\/\" target=\"_blank\" rel=\"noopener\">solicite en l\u00ednea<\/a> que un consejero para la compra de vivienda de NFDM se ponga en contacto con usted.<\/p>\n<\/p>\n<div style=\"width: 677px;\" class=\"wp-video\"><video class=\"wp-video-shortcode\" id=\"video-51-1\" width=\"677\" height=\"381\" preload=\"metadata\" controls=\"controls\"><source type=\"video\/mp4\" src=\"https:\/\/staging-nfdm.kinsta.cloud\/wp-content\/uploads\/2018\/03\/NMC30_720hd.mp4?_=1\" \/><a href=\"https:\/\/staging-nfdm.kinsta.cloud\/wp-content\/uploads\/2018\/03\/NMC30_720hd.mp4\">https:\/\/staging-nfdm.kinsta.cloud\/wp-content\/uploads\/2018\/03\/NMC30_720hd.mp4<\/a><\/video><\/div>\n<div class=\"row relatedLinksContainer\">\n<ul class=\"relatedLinks\">\n<li><a href=\"\/es\/acerca-de-nfdm\/\">Acerca de NFDM<\/a><\/li>\n<li><a href=\"\/es\/credito-y-deuda\/programas-de-manejo-de-deudas\/\">Programas de manejo de deudas<\/a><\/li>\n<\/ul>\n<\/div>\n\n\n<p><\/p>\n","protected":false},"excerpt":{"rendered":"<p>Los tiempos econ\u00f3micos inciertos pueden hacer que el sue\u00f1o de ser propietario de una vivienda parezca un objetivo dif\u00edcil de alcanzar. NFDM, una agencia de consejer\u00eda aprobada por el Departamento de Vivienda y Desarrollo Urbano (HUD, por sus siglas en ingl\u00e9s), puede ayudar a poner ese sue\u00f1o a su alcance. Nuestro programa de consejer\u00eda previa a la compra puede mostrarle c\u00f3mo calificar para una hipoteca a tasa de mercado. Los&hellip; <\/p>\n","protected":false},"author":1,"featured_media":0,"parent":14,"menu_order":0,"comment_status":"closed","ping_status":"closed","template":"layouts\/page-housing-sidebar.php","meta":{"footnotes":""},"class_list":["post-51","page","type-page","status-publish","hentry"],"_links":{"self":[{"href":"https:\/\/nfdm.org\/es\/wp-json\/wp\/v2\/pages\/51","targetHints":{"allow":["GET"]}}],"collection":[{"href":"https:\/\/nfdm.org\/es\/wp-json\/wp\/v2\/pages"}],"about":[{"href":"https:\/\/nfdm.org\/es\/wp-json\/wp\/v2\/types\/page"}],"author":[{"embeddable":true,"href":"https:\/\/nfdm.org\/es\/wp-json\/wp\/v2\/users\/1"}],"replies":[{"embeddable":true,"href":"https:\/\/nfdm.org\/es\/wp-json\/wp\/v2\/comments?post=51"}],"version-history":[{"count":5,"href":"https:\/\/nfdm.org\/es\/wp-json\/wp\/v2\/pages\/51\/revisions"}],"predecessor-version":[{"id":1366,"href":"https:\/\/nfdm.org\/es\/wp-json\/wp\/v2\/pages\/51\/revisions\/1366"}],"up":[{"embeddable":true,"href":"https:\/\/nfdm.org\/es\/wp-json\/wp\/v2\/pages\/14"}],"wp:attachment":[{"href":"https:\/\/nfdm.org\/es\/wp-json\/wp\/v2\/media?parent=51"}],"curies":[{"name":"wp","href":"https:\/\/api.w.org\/{rel}","templated":true}]}}