{"id":45,"date":"2017-09-27T16:37:45","date_gmt":"2017-09-27T20:37:45","guid":{"rendered":"https:\/\/staging-nfdm.kinsta.cloud\/?page_id=45"},"modified":"2025-01-10T15:00:13","modified_gmt":"2025-01-10T20:00:13","slug":"equipo-ejecutivo","status":"publish","type":"page","link":"https:\/\/nfdm.org\/es\/equipo-ejecutivo\/","title":{"rendered":"Equipo Ejecutivo"},"content":{"rendered":"<h2><b>Presidente<\/b><\/h2>\n<p><img loading=\"lazy\" decoding=\"async\" class=\"alignright size-thumbnail wp-image-1352\" src=\"https:\/\/nfdm.org\/es\/wp-content\/uploads\/sites\/2\/2025\/01\/Judy-Sorensen-3-150x150.jpg\" alt=\"Judy Sorensen\" width=\"150\" height=\"150\" \/>Judy Sorensen es la presidenta de <span style=\"font-weight: 400;\">National Foundation for Debt Management<\/span> y es la principal responsable de hacer recomendaciones sobre todos los asuntos corporativos y establecer objetivos, pol\u00edticas, programas y pr\u00e1cticas administrativas de toda la empresa para garantizar su seguridad y solidez. Adem\u00e1s de sus quince a\u00f1os de experiencia en el campo de la educaci\u00f3n y la consejer\u00eda financiera, la Sra. Sorensen tiene una larga experiencia en el sector de las hipotecas residenciales, habiendo ocupado varios puestos en la producci\u00f3n de pr\u00e9stamos al por menor y en las divisiones legales\/regulatorias. Graduada en 1991 por la Facultad de Derecho Thomas Cooley, Sorensen es miembro del Colegio de Abogados del Estado de Virginia. Adem\u00e1s, est\u00e1 habilitada para ejercer ante el Tribunal de Apelaciones de DC y el Tribunal Supremo de Virginia. La Sra. Sorensen tiene una amplia experiencia como oradora p\u00fablica y es tambi\u00e9n la Presidenta y Directora de la Junta de la Asociaci\u00f3n de Consejer\u00eda Financiera de Am\u00e9rica.<\/p>\n<h2><b>Director Ejecutivo<\/b><\/h2>\n<p><img loading=\"lazy\" decoding=\"async\" class=\"alignright size-thumbnail wp-image-503\" src=\"https:\/\/staging-nfdm.kinsta.cloud\/wp-content\/uploads\/2017\/10\/Russell-Graves-150x150.jpg\" alt=\"Russell Graves\" width=\"150\" height=\"150\" \/>Russell E. Graves, el Director Ejecutivo de Consumer Credit and Budget Counseling se dedic\u00f3 a la banca durante 12 a\u00f1os y, hasta 1996, se desempe\u00f1\u00f3 como Vicepresidente Adjunto y gerente del Departamento de Finanzas de Collective Bank. En julio de 1996 se incorpor\u00f3 a Consumer Credit and Debt Counseling como consejero. Lo dej\u00f3 a principios de 1998 para poner en marcha Consumer Credit and Budget Counseling. Obtuvo un m\u00e1ster en Administraci\u00f3n de Empresas en Finanzas y una licenciatura en Econom\u00eda y Finanzas por la Universidad de Hartford.<\/p>\n<div class=\"row relatedLinksContainer\">\n<ul class=\"relatedLinks\">\n<li><a href=\"\/es\/acerca-de-nfdm\/\">Acerca de NFDM<\/a><\/li>\n<\/ul>\n<\/div>\n\n\n<p><\/p>\n","protected":false},"excerpt":{"rendered":"<p>Presidente Judy Sorensen es la presidenta de National Foundation for Debt Management y es la principal responsable de hacer recomendaciones sobre todos los asuntos corporativos y establecer objetivos, pol\u00edticas, programas y pr\u00e1cticas administrativas de toda la empresa para garantizar su seguridad y solidez. Adem\u00e1s de sus quince a\u00f1os de experiencia en el campo de la educaci\u00f3n y la consejer\u00eda financiera, la Sra. Sorensen tiene una larga experiencia en el sector&hellip; <\/p>\n","protected":false},"author":1,"featured_media":0,"parent":0,"menu_order":0,"comment_status":"closed","ping_status":"closed","template":"","meta":{"footnotes":""},"class_list":["post-45","page","type-page","status-publish","hentry"],"_links":{"self":[{"href":"https:\/\/nfdm.org\/es\/wp-json\/wp\/v2\/pages\/45","targetHints":{"allow":["GET"]}}],"collection":[{"href":"https:\/\/nfdm.org\/es\/wp-json\/wp\/v2\/pages"}],"about":[{"href":"https:\/\/nfdm.org\/es\/wp-json\/wp\/v2\/types\/page"}],"author":[{"embeddable":true,"href":"https:\/\/nfdm.org\/es\/wp-json\/wp\/v2\/users\/1"}],"replies":[{"embeddable":true,"href":"https:\/\/nfdm.org\/es\/wp-json\/wp\/v2\/comments?post=45"}],"version-history":[{"count":5,"href":"https:\/\/nfdm.org\/es\/wp-json\/wp\/v2\/pages\/45\/revisions"}],"predecessor-version":[{"id":1354,"href":"https:\/\/nfdm.org\/es\/wp-json\/wp\/v2\/pages\/45\/revisions\/1354"}],"wp:attachment":[{"href":"https:\/\/nfdm.org\/es\/wp-json\/wp\/v2\/media?parent=45"}],"curies":[{"name":"wp","href":"https:\/\/api.w.org\/{rel}","templated":true}]}}