{"id":222,"date":"2017-10-10T21:38:15","date_gmt":"2017-10-11T01:38:15","guid":{"rendered":"https:\/\/staging-nfdm.kinsta.cloud\/?page_id=222"},"modified":"2025-08-05T12:22:45","modified_gmt":"2025-08-05T16:22:45","slug":"inscripcion-en-el-programa","status":"publish","type":"page","link":"https:\/\/nfdm.org\/es\/credito-y-deuda\/programas-de-manejo-de-deudas\/inscripcion-en-el-programa\/","title":{"rendered":"Inscripci\u00f3n en el programa"},"content":{"rendered":"<p>\u00bfC\u00f3mo puede saber si su situaci\u00f3n financiera justifica la inscripci\u00f3n en un programa de NFDM?<\/p>\n<p>Empiece por analizar bien sus finanzas. \u00bfS\u00f3lo realiza los pagos m\u00ednimos de sus tarjetas de cr\u00e9dito? \u00bfGasta regularmente m\u00e1s de lo que gana? \u00bfTiene dificultades para <span style=\"font-weight: 400;\">balancear<\/span> su presupuesto?<\/p>\n<p>En esta p\u00e1gina web hemos puesto a su disposici\u00f3n herramientas de apoyo financiero y material educativo que le ayudar\u00e1n a responder a estas preguntas y a tomar una decisi\u00f3n sobre el nivel de asistencia que necesita.<\/p>\n<p>Si cree que puede beneficiarse de <span style=\"font-weight: 400;\">registrarse<\/span> en un programa de NFDM:<\/p>\n<p>1. Visite la secci\u00f3n <a href=\"\/es\/credito-y-deuda\/programas-de-manejo-de-deudas\/formulario-del-programa-de-manejo-de-deudas\/\">Comenzar<\/a> de este sitio web, para <span style=\"font-weight: 400;\">dejarle saber a<\/span> un consejero c\u00f3mo podemos ayudarle (la p\u00e1gina se abrir\u00e1 en una nueva ventana); o,<\/p>\n<p>2. Ll\u00e1menos &#8230;<\/p>\n<table>\n<tbody>\n<tr>\n<th>Tipo de asistencia<\/th>\n<th nowrap=\"nowrap\">N\u00famero de tel\u00e9fono<\/th>\n<\/tr>\n<tr>\n<td>Programa de Manejo de Deudas\/Consejer\u00eda de Cr\u00e9dito:<\/td>\n<td nowrap=\"nowrap\">844-985-3586<\/td>\n<\/tr>\n<tr>\n<td>Propietarios de viviendas \/ Consejer\u00eda al comprador de vivienda:<\/td>\n<td nowrap=\"nowrap\">844-789-3838<\/td>\n<\/tr>\n<\/tbody>\n<\/table>\n<p>Estaremos encantados de responder a cualquier pregunta que pueda tener sobre su situaci\u00f3n financiera y de guiarlo a trav\u00e9s del proceso de inscripci\u00f3n.<\/p>\n<p>Nuestros consejeros de cr\u00e9dito certificados est\u00e1n disponibles de lunes a viernes, de 9am a 7pm (ET).<\/p>\n<p>Esperamos saber de usted y ayudarle a encaminarse hacia un futuro financiero saludable.<\/p>\n","protected":false},"excerpt":{"rendered":"<p>\u00bfC\u00f3mo puede saber si su situaci\u00f3n financiera justifica la inscripci\u00f3n en un programa de NFDM? Empiece por analizar bien sus finanzas. \u00bfS\u00f3lo realiza los pagos m\u00ednimos de sus tarjetas de cr\u00e9dito? \u00bfGasta regularmente m\u00e1s de lo que gana? \u00bfTiene dificultades para balancear su presupuesto? En esta p\u00e1gina web hemos puesto a su disposici\u00f3n herramientas de apoyo financiero y material educativo que le ayudar\u00e1n a responder a estas preguntas y a&hellip; <\/p>\n","protected":false},"author":1,"featured_media":0,"parent":61,"menu_order":0,"comment_status":"closed","ping_status":"closed","template":"","meta":{"footnotes":""},"class_list":["post-222","page","type-page","status-publish","hentry"],"_links":{"self":[{"href":"https:\/\/nfdm.org\/es\/wp-json\/wp\/v2\/pages\/222","targetHints":{"allow":["GET"]}}],"collection":[{"href":"https:\/\/nfdm.org\/es\/wp-json\/wp\/v2\/pages"}],"about":[{"href":"https:\/\/nfdm.org\/es\/wp-json\/wp\/v2\/types\/page"}],"author":[{"embeddable":true,"href":"https:\/\/nfdm.org\/es\/wp-json\/wp\/v2\/users\/1"}],"replies":[{"embeddable":true,"href":"https:\/\/nfdm.org\/es\/wp-json\/wp\/v2\/comments?post=222"}],"version-history":[{"count":6,"href":"https:\/\/nfdm.org\/es\/wp-json\/wp\/v2\/pages\/222\/revisions"}],"predecessor-version":[{"id":1368,"href":"https:\/\/nfdm.org\/es\/wp-json\/wp\/v2\/pages\/222\/revisions\/1368"}],"up":[{"embeddable":true,"href":"https:\/\/nfdm.org\/es\/wp-json\/wp\/v2\/pages\/61"}],"wp:attachment":[{"href":"https:\/\/nfdm.org\/es\/wp-json\/wp\/v2\/media?parent=222"}],"curies":[{"name":"wp","href":"https:\/\/api.w.org\/{rel}","templated":true}]}}