{"id":220,"date":"2017-10-10T21:37:57","date_gmt":"2017-10-11T01:37:57","guid":{"rendered":"https:\/\/staging-nfdm.kinsta.cloud\/?page_id=220"},"modified":"2022-05-23T16:02:36","modified_gmt":"2022-05-23T20:02:36","slug":"formulario-del-programa-de-manejo-de-deudas","status":"publish","type":"page","link":"https:\/\/nfdm.org\/es\/credito-y-deuda\/programas-de-manejo-de-deudas\/formulario-del-programa-de-manejo-de-deudas\/","title":{"rendered":"Formulario del Programa de Manejo de Deudas"},"content":{"rendered":"<h2>Formulario de solicitud de contacto de NFDM<\/h2>\n<p>Cuando se <span style=\"font-weight: 400;\">registra<\/span> en el programa de manejo de deudas de NFDM, tendr\u00e1 la oportunidad de trabajar con un consejero de cr\u00e9dito certificado. Nuestro experto en manejo de deudas le guiar\u00e1 a trav\u00e9s de una soluci\u00f3n personalizada para sus <span style=\"font-weight: 400;\">desaf\u00edos<\/span> financieros.<\/p>\n<blockquote>\n<ul>\n<li>Simplifique su vida.<\/li>\n<li>Empiece un negocio.<\/li>\n<li>Ahorre para el retiro.<\/li>\n<\/ul>\n<\/blockquote>\n<p>Los consejeros financieros certificados de NFDM han ayudado a miles de personas a conseguir un alivio para las deudas aplastantes, y hemos proporcionado asistencia profesional y confidencial en asuntos financieros personales a muchos otros miles. Hemos trabajado con escuelas, grupos comunitarios, iglesias, organizaciones ben\u00e9ficas y otras entidades para ayudar a personas y familias a adquirir conocimientos desde los m\u00e1s b\u00e1sicos hasta los m\u00e1s avanzados. Estamos a la vanguardia del creciente movimiento para <span style=\"font-weight: 400;\">promover<\/span> una comprensi\u00f3n m\u00e1s completa de los asuntos financieros a los consumidores en todo Estados Unidos.<\/p>\n<div class=\"row relatedLinksContainer\">\n<ul class=\"relatedLinks\">\n<li><a href=\"\/es\/credito-y-deuda\/programas-de-manejo-de-deudas\/\">Acerca de los programas de Manejo de deudas<\/a><\/li>\n<li><a href=\"\/es\/acerca-de-nfdm\/\">Acerca de NFDM<\/a><\/li>\n<\/ul>\n<\/div>\n\n\n<p><\/p>\n","protected":false},"excerpt":{"rendered":"<p>Formulario de solicitud de contacto de NFDM Cuando se registra en el programa de manejo de deudas de NFDM, tendr\u00e1 la oportunidad de trabajar con un consejero de cr\u00e9dito certificado. Nuestro experto en manejo de deudas le guiar\u00e1 a trav\u00e9s de una soluci\u00f3n personalizada para sus desaf\u00edos financieros. Simplifique su vida. Empiece un negocio. Ahorre para el retiro. Los consejeros financieros certificados de NFDM han ayudado a miles de personas&hellip; <\/p>\n","protected":false},"author":1,"featured_media":0,"parent":61,"menu_order":0,"comment_status":"closed","ping_status":"closed","template":"","meta":{"footnotes":""},"class_list":["post-220","page","type-page","status-publish","hentry"],"_links":{"self":[{"href":"https:\/\/nfdm.org\/es\/wp-json\/wp\/v2\/pages\/220","targetHints":{"allow":["GET"]}}],"collection":[{"href":"https:\/\/nfdm.org\/es\/wp-json\/wp\/v2\/pages"}],"about":[{"href":"https:\/\/nfdm.org\/es\/wp-json\/wp\/v2\/types\/page"}],"author":[{"embeddable":true,"href":"https:\/\/nfdm.org\/es\/wp-json\/wp\/v2\/users\/1"}],"replies":[{"embeddable":true,"href":"https:\/\/nfdm.org\/es\/wp-json\/wp\/v2\/comments?post=220"}],"version-history":[{"count":4,"href":"https:\/\/nfdm.org\/es\/wp-json\/wp\/v2\/pages\/220\/revisions"}],"predecessor-version":[{"id":911,"href":"https:\/\/nfdm.org\/es\/wp-json\/wp\/v2\/pages\/220\/revisions\/911"}],"up":[{"embeddable":true,"href":"https:\/\/nfdm.org\/es\/wp-json\/wp\/v2\/pages\/61"}],"wp:attachment":[{"href":"https:\/\/nfdm.org\/es\/wp-json\/wp\/v2\/media?parent=220"}],"curies":[{"name":"wp","href":"https:\/\/api.w.org\/{rel}","templated":true}]}}