{"id":211,"date":"2017-10-10T21:35:22","date_gmt":"2017-10-11T01:35:22","guid":{"rendered":"https:\/\/staging-nfdm.kinsta.cloud\/?page_id=211"},"modified":"2022-05-23T15:32:52","modified_gmt":"2022-05-23T19:32:52","slug":"consejeria-sobre-hecm-e-hipotecas-inversas","status":"publish","type":"page","link":"https:\/\/nfdm.org\/es\/consejeria-de-vivienda\/propietarios-de-viviendas\/consejeria-sobre-hecm-e-hipotecas-inversas\/","title":{"rendered":"Consejer\u00eda sobre HECM e hipotecas inversas"},"content":{"rendered":"<p>Los consejeros de la Fundaci\u00f3n Nacional para el Manejo de Deudas (NFDM, por sus siglas en ingl\u00e9s), aprobados por el Departamento de Vivienda y Desarrollo Urbano (HUD, por sus siglas en ingl\u00e9s) de EE.UU. para ofrecer consejer\u00eda sobre hipotecas inversas, ayudan a las personas mayores a tomar la decisi\u00f3n m\u00e1s informada posible al considerar sus opciones de hipotecas inversas.<\/p>\n<p>NFDM proporciona a las personas mayores informaci\u00f3n sobre: importes de los pr\u00e9stamos, opciones de pago, requisitos de propiedad de la vivienda, ventajas y desventajas, y beneficios del programa de hipotecas inversas. Adem\u00e1s, proporcionamos informaci\u00f3n sobre otros programas y alternativas para obtener una hipoteca inversa.<\/p>\n<p>NFDM cuenta con consejeros de la Red Nacional de Consejer\u00eda HUD\/ HECM calificados para el examen, totalmente capacitados en el protocolo telef\u00f3nico y en la sensibilidad de las personas mayores, y una tasa de aprobaci\u00f3n del examen HECM que supera el promedio nacional en un 20%. Durante 2014, los consejeros de NFDM realizaron m\u00e1s de 20,000 sesiones. De ellas, m\u00e1s de 400 se llevaron a cabo de forma gratuita para personas mayores que, de otro modo, no pod\u00edan permit\u00edrselo. En estos casos, la sesi\u00f3n gratuita permiti\u00f3 a los clientes que se enfrentaban a la bancarrota, a la ejecuci\u00f3n hipotecaria y al cuidado de un hospicio permanecer en sus hogares.<\/p>\n<p>Todas las sesiones de consejer\u00eda sobre hipotecas inversas siguen el estricto protocolo del HUD. Nuestro prop\u00f3sito, como agencia de consejer\u00eda sobre hipotecas inversas aprobada por el HUD, es asegurarnos de que los propietarios tengan toda la informaci\u00f3n necesaria para tomar una decisi\u00f3n informada con respecto a una hipoteca inversa.<\/p>\n<p>Complete nuestro <a href=\"#housingFormAnchor\">formulario de solicitud de contacto<\/a>, para que un consejero de NFDM le ayude con su situaci\u00f3n (el formulario se abrir\u00e1 en una nueva ventana).<\/p>\n\n\n<p><\/p>\n","protected":false},"excerpt":{"rendered":"<p>Los consejeros de la Fundaci\u00f3n Nacional para el Manejo de Deudas (NFDM, por sus siglas en ingl\u00e9s), aprobados por el Departamento de Vivienda y Desarrollo Urbano (HUD, por sus siglas en ingl\u00e9s) de EE.UU. para ofrecer consejer\u00eda sobre hipotecas inversas, ayudan a las personas mayores a tomar la decisi\u00f3n m\u00e1s informada posible al considerar sus opciones de hipotecas inversas. NFDM proporciona a las personas mayores informaci\u00f3n sobre: importes de los&hellip; <\/p>\n","protected":false},"author":1,"featured_media":0,"parent":53,"menu_order":0,"comment_status":"closed","ping_status":"closed","template":"layouts\/page-housing-sidebar.php","meta":{"footnotes":""},"class_list":["post-211","page","type-page","status-publish","hentry"],"_links":{"self":[{"href":"https:\/\/nfdm.org\/es\/wp-json\/wp\/v2\/pages\/211","targetHints":{"allow":["GET"]}}],"collection":[{"href":"https:\/\/nfdm.org\/es\/wp-json\/wp\/v2\/pages"}],"about":[{"href":"https:\/\/nfdm.org\/es\/wp-json\/wp\/v2\/types\/page"}],"author":[{"embeddable":true,"href":"https:\/\/nfdm.org\/es\/wp-json\/wp\/v2\/users\/1"}],"replies":[{"embeddable":true,"href":"https:\/\/nfdm.org\/es\/wp-json\/wp\/v2\/comments?post=211"}],"version-history":[{"count":2,"href":"https:\/\/nfdm.org\/es\/wp-json\/wp\/v2\/pages\/211\/revisions"}],"predecessor-version":[{"id":882,"href":"https:\/\/nfdm.org\/es\/wp-json\/wp\/v2\/pages\/211\/revisions\/882"}],"up":[{"embeddable":true,"href":"https:\/\/nfdm.org\/es\/wp-json\/wp\/v2\/pages\/53"}],"wp:attachment":[{"href":"https:\/\/nfdm.org\/es\/wp-json\/wp\/v2\/media?parent=211"}],"curies":[{"name":"wp","href":"https:\/\/api.w.org\/{rel}","templated":true}]}}