{"id":189,"date":"2017-10-10T21:30:31","date_gmt":"2017-10-10T21:30:31","guid":{"rendered":"https:\/\/staging-nfdm.kinsta.cloud\/?page_id=189"},"modified":"2025-01-10T15:05:25","modified_gmt":"2025-01-10T20:05:25","slug":"legal","status":"publish","type":"page","link":"https:\/\/nfdm.org\/es\/legal\/","title":{"rendered":"Legal"},"content":{"rendered":"\n<p>Se puede <span style=\"font-weight: 400;\">poner en contacto con<\/span>&nbsp;Consumer Credit and Budget Counseling, Inc. d\/b\/a National Foundation for Debt Management and Warrior Support Services llamando al 866-799-2122, o en la oficina de Nueva Jersey:<br>299 South Shore Road, Marmora, NJ 08223.<\/p>\n\n\n\n<p>National Foundation for Debt Management<br>13921 Icot Boulevard, Suite 706, Clearwater, FL 33760<br>phone: 800.344.5153\u00a0, 727.254.5353<\/p>\n\n\n\n<p>Consumer Credit and Budget Counseling, Inc. d\/b\/a National Foundation for Debt Management tiene licencia a trav\u00e9s del NMLS bajo el identificador \u00fanico # 983706 y el estado puede ser verificado en <a href=\"https:\/\/www.nmlsconsumeraccess.org\/\">https:\/\/www.nmlsconsumeraccess.org\/<\/a>. Los estados con licencia a trav\u00e9s de NMLS incluyen: AL, CT, ID, IL, IN, IA, KS, MD, MN, MS, NY, OR, PA y VT. Cada estado puede asignar un n\u00famero de licencia adicional adem\u00e1s del identificador \u00fanico del NMLS.<\/p>\n\n\n\n<h2 class=\"wp-block-heading\">INFORMACI\u00d3N IMPORTANTE A TENER EN CUENTA<\/h2>\n\n\n\n<ol class=\"wp-block-list\">\n<li>Los planes de manejo de deudas no son adecuados para todas las personas, y usted puede pedirnos informaci\u00f3n sobre otras formas, incluida la bancarrota, de hacer frente a sus deudas.<\/li>\n\n\n\n<li>El uso de un plan de manejo de deudas puede perjudicar su calificaci\u00f3n crediticia o su puntaje de cr\u00e9dito.<\/li>\n\n\n\n<li>Podemos recibir una compensaci\u00f3n de sus acreedores por nuestros servicios.<\/li>\n<\/ol>\n\n\n\n<p>NFDM es miembro del Better Business Bureau de West Florida y est\u00e1 autorizado\/registrado en la mayor\u00eda de los estados. Para buscar el estatus de NFDM en cualquier estado, seleccione de la lista de abajo:<\/p>\n\n\n\n<figure class=\"wp-block-table\"><table><tbody><tr><th><strong>Estado:<\/strong><\/th><th>Enlace del sitio web<\/th><\/tr><tr><td>AK<\/td><td><a href=\"https:\/\/www.commerce.alaska.gov\/cbp\/main\/search\/entities\" target=\"_blank\" rel=\"noopener noreferrer\">https:\/\/www.commerce.alaska.gov\/cbp\/main\/search\/entities<\/a><\/td><\/tr><tr><td>AL<\/td><td><a href=\"http:\/\/sos.alabama.gov\/government-records\/business-entity-records\" target=\"_blank\" rel=\"noopener noreferrer\">http:\/\/sos.alabama.gov\/government-records\/business-entity-records<\/a><\/td><\/tr><tr><td>AR<\/td><td><a href=\"http:\/\/www.sos.arkansas.gov\/corps\/search_all.php\" target=\"_blank\" rel=\"noopener noreferrer\">http:\/\/www.sos.arkansas.gov\/corps\/search_all.php<\/a><\/td><\/tr><tr><td>CA<\/td><td><a href=\"https:\/\/businesssearch.sos.ca.gov\/\" target=\"_blank\" rel=\"noopener noreferrer\">https:\/\/businesssearch.sos.ca.gov\/<\/a><\/td><\/tr><tr><td>CO<\/td><td><a href=\"https:\/\/coag.gov\/office-sections\/consumer-protection\/consumer-credit-unit\/debt-management\/\">https:\/\/coag.gov\/office-sections\/consumer-protection\/consumer-credit-unit\/debt-management\/<\/a><\/td><\/tr><tr><td>CT<\/td><td><a href=\"https:\/\/portal.ct.gov\/DOB\/Consumer-Credit-Licenses\/Consumer-Credit-Licenses\/Debt-Adjusters-Licensed-in-Connecticut\">https:\/\/portal.ct.gov\/DOB\/Consumer-Credit-Licenses\/Consumer-Credit-Licenses\/Debt-Adjusters-Licensed-in-Connecticut<\/a><\/td><\/tr><tr><td>D.C.<\/td><td><a href=\"https:\/\/dcra.dc.gov\/page\/professional-license-lookupsearch\">https:\/\/dcra.dc.gov\/page\/professional-license-lookupsearch<\/a><\/td><\/tr><tr><td>DE<\/td><td><a href=\"https:\/\/icis.corp.delaware.gov\/Ecorp\/EntitySearch\/NameSearch.aspx\" target=\"_blank\" rel=\"noopener noreferrer\">https:\/\/icis.corp.delaware.gov\/Ecorp\/EntitySearch\/NameSearch.aspx<\/a><\/td><\/tr><tr><td>FL<\/td><td><a href=\"http:\/\/dos.myflorida.com\/\" target=\"_blank\" rel=\"noopener noreferrer\">http:\/\/dos.myflorida.com\/ <\/a><br>SE PUEDE OBTENER UNA COPIA DEL REGISTRO OFICIAL Y DE LA INFORMACI\u00d3N FINANCIERA EN LA DIVISI\u00d3N DE SERVICIOS AL CONSUMIDOR LLAMANDO AL N\u00daMERO GRATUITO DEL ESTADO. EL REGISTRO NO IMPLICA RESPALDO, APROBACI\u00d3N O RECOMENDACI\u00d3N POR PARTE DEL ESTADO&#8221;. Caridad #CH39141 N\u00famero gratuito de la Divisi\u00f3n: 1-800-HELP-FLA (435-7352), y la p\u00e1gina web de la Divisi\u00f3n:<br><a href=\"http:\/\/www.freshfromflorida.com\/Consumer-Resources\" target=\"_blank\" rel=\"noopener noreferrer\">http:\/\/www.freshfromflorida.com\/Consumer-Resources<\/a><\/td><\/tr><tr><td>GA<\/td><td><a href=\"https:\/\/verify.sos.ga.gov\/verification\/Search.aspx?facility=Y\">https:\/\/verify.sos.ga.gov\/verification\/Search.aspx?facility=Y<\/a><\/td><\/tr><tr><td>HI<\/td><td><a href=\"https:\/\/cca.hawaii.gov\/businesscheck\/\">https:\/\/cca.hawaii.gov\/businesscheck\/<\/a><\/td><\/tr><tr><td>IA<\/td><td><a href=\"http:\/\/www.idob.state.ia.us\/\" target=\"_blank\" rel=\"noopener noreferrer\">http:\/\/www.idob.state.ia.us\/<\/a><\/td><\/tr><tr><td>ID<\/td><td><a href=\"https:\/\/www.finance.idaho.gov\" target=\"_blank\" rel=\"noopener noreferrer\">https:\/\/www.finance.idaho.gov <\/a><\/td><\/tr><tr><td>IL<\/td><td><a href=\"http:\/\/www.idfpr.com\/DFI\/CCD\/ccd_licensees.asp\" target=\"_blank\" rel=\"noopener noreferrer\">http:\/\/www.idfpr.com\/DFI\/CCD\/ccd_licensees.asp<\/a><\/td><\/tr><tr><td>IN<\/td><td><a href=\"http:\/\/www.in.gov\/dfi\/index.htm\" target=\"_blank\" rel=\"noopener noreferrer\">hhttp:\/\/www.in.gov\/dfi\/index.htm<\/a><\/td><\/tr><tr><td>KS<\/td><td><a href=\"http:\/\/www.osbckansas.org\" target=\"_blank\" rel=\"noopener noreferrer\">http:\/\/www.osbckansas.org<\/a> &nbsp; Licencia CSO.0019045<\/td><\/tr><tr><td>KY<\/td><td><a href=\"https:\/\/app.sos.ky.gov\/ftsearch\/\" target=\"_blank\" rel=\"noopener noreferrer\">https:\/\/app.sos.ky.gov\/ftsearch\/<\/a><\/td><\/tr><tr><td>LA<\/td><td><a href=\"https:\/\/coraweb.sos.la.gov\/CommercialSearch\/CommercialSearch.aspx\" target=\"_blank\" rel=\"noopener noreferrer\">https:\/\/coraweb.sos.la.gov\/CommercialSearch\/CommercialSearch.aspx<\/a><\/td><\/tr><tr><td>MA<\/td><td><a href=\"http:\/\/corp.sec.state.ma.us\/corpweb\/CorpSearch\/CorpSearch.aspx\" target=\"_blank\" rel=\"noopener noreferrer\">http:\/\/corp.sec.state.ma.us\/corpweb\/CorpSearch\/CorpSearch.aspx <\/a><\/td><\/tr><tr><td>MD<\/td><td><a href=\"http:\/\/www.dllr.state.md.us\/finance\" target=\"_blank\" rel=\"noopener noreferrer\">http:\/\/www.dllr.state.md.us\/finance<\/a><br>Al celebrar un acuerdo con el Proveedor de Servicios de Manejo de Deudas, el consumidor autoriza a cualquier instituci\u00f3n financiera en la que el licenciatario haya establecido una cuenta fiduciaria para depositar los fondos del consumidor, a revelar al Comisionado cualquier registro financiero relacionado con la cuenta fiduciaria durante el curso de cualquier investigaci\u00f3n o examen del licenciatario por parte del Comisionado. El Comisionado de Regulaci\u00f3n Financiera del Estado de Maryland aceptar\u00e1 cualquier pregunta y queja de los residentes de Maryland con respecto a Consumer Credit &amp; Budget Counseling, Inc, d\/b\/a National Foundation for Debt Management (Licencia #14-70) en 500 North Calvert Street, Room 402, Baltimore, MD 21202, tel\u00e9fono 1-888-784-0136.<\/td><\/tr><tr><td>ME<\/td><td><a href=\"http:\/\/www.maine.gov\/sos\/\" target=\"_blank\" rel=\"noopener noreferrer\">http:\/\/www.maine.gov\/sos\/ <\/a><\/td><\/tr><tr><td>MN<\/td><td><a href=\"https:\/\/mblsportal.sos.state.mn.us\/Business\/Search\" target=\"_blank\" rel=\"noopener noreferrer\">https:\/\/mblsportal.sos.state.mn.us\/Business\/Search<\/a><\/td><\/tr><tr><td>MO<\/td><td><a href=\"https:\/\/bsd.sos.mo.gov\/BusinessEntity\/BESearch.aspx?SearchType=0\" target=\"_blank\" rel=\"noopener noreferrer\">https:\/\/bsd.sos.mo.gov\/BusinessEntity\/BESearch.aspx?SearchType=0 <\/a><\/td><\/tr><tr><td>MS<\/td><td><a href=\"https:\/\/corp.sos.ms.gov\/corp\/portal\/c\/page\/corpBusinessIdSearch\/portal.aspx\">https:\/\/corp.sos.ms.gov\/corp\/portal\/c\/page\/corpBusinessIdSearch\/portal.aspx<\/a><\/td><\/tr><tr><td>MT<\/td><td><a href=\"https:\/\/dojmt.gov\/consumer\/debt-relief\/\">https:\/\/dojmt.gov\/consumer\/debt-relief\/<\/a><\/td><\/tr><tr><td>NC<\/td><td><a href=\"https:\/\/www.sosnc.gov\/online_services\/search\/by_title\/_Business_Registration\">https:\/\/www.sosnc.gov\/online_services\/search\/by_title\/_Business_Registration<\/a><\/td><\/tr><tr><td>ND<\/td><td><a href=\"http:\/\/www.state.nd.us\/sec\/\" target=\"_blank\" rel=\"noopener noreferrer\">http:\/\/www.state.nd.us\/sec\/<\/a><\/td><\/tr><tr><td>NE<\/td><td><a href=\"http:\/\/www.sos.ne.gov\/licensing\/debt.html\" target=\"_blank\" rel=\"noopener noreferrer\">http:\/\/www.sos.ne.gov\/licensing\/debt.html<\/a><\/td><\/tr><tr><td>NJ<\/td><td><a href=\"http:\/\/www.state.nj.us\/dobi\/division_consumers\/finance\/counselors.html\" target=\"_blank\" rel=\"noopener noreferrer\">http:\/\/www.state.nj.us\/dobi\/division_consumers\/finance\/counselors.html<\/a><\/td><\/tr><tr><td>NM<\/td><td><a href=\"http:\/\/www.sos.state.nm.us\" target=\"_blank\" rel=\"noopener noreferrer\">http:\/\/www.sos.state.nm.us<\/a><\/td><\/tr><tr><td>NV<\/td><td><a href=\"http:\/\/nvsos.gov\/sosentitysearch\/corpsearch.aspx\" target=\"_blank\" rel=\"noopener noreferrer\">http:\/\/nvsos.gov\/sosentitysearch\/corpsearch.aspx<\/a><\/td><\/tr><tr><td>NY<\/td><td><a href=\"http:\/\/www.dfs.ny.gov\/banking\/budgetplanner.htm\" target=\"_blank\" rel=\"noopener noreferrer\">http:\/\/www.dfs.ny.gov\/banking\/budgetplanner.htm<\/a><\/td><\/tr><tr><td>OH<\/td><td><a href=\"http:\/\/www.state.oh.us\/sos\" target=\"_blank\" rel=\"noopener noreferrer\">http:\/\/www.state.oh.us\/sos<\/a><\/td><\/tr><tr><td>OK<\/td><td><a href=\"https:\/\/www.sos.ok.gov\/\" target=\"_blank\" rel=\"noopener noreferrer\">https:\/\/www.sos.ok.gov\/<\/a><\/td><\/tr><tr><td>OR<\/td><td><a href=\"https:\/\/dfr.oregon.gov\/help\/complaints-licenses\/Pages\/check-license.aspx\">https:\/\/dfr.oregon.gov\/help\/complaints-licenses\/Pages\/check-license.aspx<\/a><\/td><\/tr><tr><td>PA<\/td><td><a href=\"https:\/\/www.corporations.pa.gov\/Search\/corpsearch\" target=\"_blank\" rel=\"noopener noreferrer\">https:\/\/www.corporations.pa.gov\/Search\/corpsearch<\/a><\/td><\/tr><tr><td>SC<\/td><td><a href=\"https:\/\/consumer.sc.gov\/licensee-lookup\">https:\/\/consumer.sc.gov\/licensee-lookup<\/a><\/td><\/tr><tr><td>SD<\/td><td><a href=\"https:\/\/sosenterprise.sd.gov\/BusinessServices\/Business\/FilingSearch.aspx\" target=\"_blank\" rel=\"noopener noreferrer\">https:\/\/sosenterprise.sd.gov\/BusinessServices\/Business\/FilingSearch.aspx <\/a><\/td><\/tr><tr><td>TN<\/td><td><a href=\"http:\/\/verify.tn.gov\/\" target=\"_blank\" rel=\"noopener noreferrer\">http:\/\/verify.tn.gov\/\/<\/a><\/td><\/tr><tr><td>TX<\/td><td><a href=\"https:\/\/www.sos.state.tx.us\/index.html\" target=\"_blank\" rel=\"noopener noreferrer\">https:\/\/www.sos.state.tx.us\/index.html<\/a><\/td><\/tr><tr><td>UT<\/td><td><a href=\"http:\/\/consumerprotection.utah.gov\/consumerinfo\/lists.html?list=DMS\" target=\"_blank\" rel=\"noopener noreferrer\">http:\/\/consumerprotection.utah.gov\/consumerinfo\/lists.html?list=DMS<\/a><\/td><\/tr><tr><td>VT<\/td><td><a href=\"https:\/\/dfr.vermont.gov\/consumers\/verify-license\">https:\/\/dfr.vermont.gov\/consumers\/verify-license<\/a><\/td><\/tr><tr><td>VA<\/td><td><a href=\"http:\/\/www.scc.virginia.gov\/bfi\/reg_inst\/credit.aspx\" target=\"_blank\" rel=\"noopener noreferrer\">http:\/\/www.scc.virginia.gov\/bfi\/reg_inst\/credit.aspx<\/a><br>Consumer Credit and Budget Counseling, Inc. est\u00e1 autorizada por la Comisi\u00f3n de Corporaciones del Estado de Virginia con el n\u00famero de licencia DC-34.<\/td><\/tr><tr><td>WA<\/td><td><a href=\"http:\/\/www.secstate.wa.gov\/\" target=\"_blank\" rel=\"noopener noreferrer\">http:\/\/www.secstate.wa.gov\/<\/a><\/td><\/tr><tr><td>WI<\/td><td><a href=\"http:\/\/www.wdfi.org\/fi\/lfs\/\" target=\"_blank\" rel=\"noopener noreferrer\">http:\/\/www.wdfi.org\/fi\/lfs\/<\/a><\/td><\/tr><tr><td>WV<\/td><td><a href=\"http:\/\/www.sos.wv.gov\/Pages\/default.aspx\" target=\"_blank\" rel=\"noopener noreferrer\">http:\/\/www.sos.wv.gov\/Pages\/default.aspx<\/a><\/td><\/tr><tr><td>WY<\/td><td><a href=\"http:\/\/soswy.state.wy.us\/\" target=\"_blank\" rel=\"noopener noreferrer\">http:\/\/soswy.state.wy.us\/<\/a><\/td><\/tr><\/tbody><\/table><\/figure>\n","protected":false},"excerpt":{"rendered":"<p>Se puede poner en contacto con&nbsp;Consumer Credit and Budget Counseling, Inc. d\/b\/a National Foundation for Debt Management and Warrior Support Services llamando al 866-799-2122, o en la oficina de Nueva Jersey:299 South Shore Road, Marmora, NJ 08223. National Foundation for Debt Management13921 Icot Boulevard, Suite 706, Clearwater, FL 33760phone: 800.344.5153\u00a0, 727.254.5353 Consumer Credit and Budget Counseling, Inc. d\/b\/a National Foundation for Debt Management tiene licencia a trav\u00e9s del NMLS bajo&hellip; <\/p>\n","protected":false},"author":1,"featured_media":0,"parent":0,"menu_order":0,"comment_status":"closed","ping_status":"closed","template":"layouts\/page-fullwidth.php","meta":{"footnotes":""},"class_list":["post-189","page","type-page","status-publish","hentry"],"_links":{"self":[{"href":"https:\/\/nfdm.org\/es\/wp-json\/wp\/v2\/pages\/189","targetHints":{"allow":["GET"]}}],"collection":[{"href":"https:\/\/nfdm.org\/es\/wp-json\/wp\/v2\/pages"}],"about":[{"href":"https:\/\/nfdm.org\/es\/wp-json\/wp\/v2\/types\/page"}],"author":[{"embeddable":true,"href":"https:\/\/nfdm.org\/es\/wp-json\/wp\/v2\/users\/1"}],"replies":[{"embeddable":true,"href":"https:\/\/nfdm.org\/es\/wp-json\/wp\/v2\/comments?post=189"}],"version-history":[{"count":3,"href":"https:\/\/nfdm.org\/es\/wp-json\/wp\/v2\/pages\/189\/revisions"}],"predecessor-version":[{"id":1355,"href":"https:\/\/nfdm.org\/es\/wp-json\/wp\/v2\/pages\/189\/revisions\/1355"}],"wp:attachment":[{"href":"https:\/\/nfdm.org\/es\/wp-json\/wp\/v2\/media?parent=189"}],"curies":[{"name":"wp","href":"https:\/\/api.w.org\/{rel}","templated":true}]}}