{"id":183,"date":"2017-10-10T21:29:25","date_gmt":"2017-10-11T01:29:25","guid":{"rendered":"https:\/\/staging-nfdm.kinsta.cloud\/?page_id=183"},"modified":"2025-08-05T12:52:33","modified_gmt":"2025-08-05T16:52:33","slug":"contactenos","status":"publish","type":"page","link":"https:\/\/nfdm.org\/es\/contactenos\/","title":{"rendered":"Cont\u00e1ctenos"},"content":{"rendered":"<p><img loading=\"lazy\" decoding=\"async\" class=\"alignright size-medium wp-image-489\" src=\"https:\/\/staging-nfdm.kinsta.cloud\/wp-content\/uploads\/2017\/10\/call-center-300x199.jpg\" alt=\"call center\" width=\"300\" height=\"199\" \/>Cont\u00e1ctenos a trav\u00e9s de nuestro centro de llamadas. Gracias por visitar nuestro sitio web.<\/p>\n<p>Si ya es cliente y necesita ayuda, nuestro equipo de atenci\u00f3n al cliente est\u00e1 disponible<br \/>\nde lunes a jueves de 8:30am a 6pm y los viernes de 9am a 5pm EST. Para este servicio por favor llame al 844-985-3586<\/p>\n<p><em>Si tiene un comentario que compartir o una pregunta general sobre los servicios de NFDM o nuestro sitio web, p\u00f3ngase en contacto con nosotros enviando un correo electr\u00f3nico a <\/em><a href=\"mailto:questions@nfdm.org\"><em>questions@nfdm.org<\/em><\/a>.<\/p>\n<p>Tambi\u00e9n puede utilizar los n\u00fameros a continuaci\u00f3n para ponerse en contacto con nosotros en relaci\u00f3n con los siguientes programas:<\/p>\n<table>\n<tbody>\n<tr>\n<th>Type of Assistance<\/th>\n<th>Number<\/th>\n<\/tr>\n<tr>\n<td><strong>Consejer\u00eda sobre hipotecas inversas<\/strong><\/td>\n<td>844-789-3838<\/td>\n<\/tr>\n<tr>\n<td><strong>Programa de manejo de deudas \/ Consejer\u00eda de cr\u00e9dito:<\/strong><\/td>\n<td>844-985-3586<\/td>\n<\/tr>\n<tr>\n<td><strong>Servicio de atenci\u00f3n al cliente<\/strong><\/td>\n<td>844-985-3586<\/td>\n<\/tr>\n<tr>\n<td><strong>Propietarios de viviendas \/ Consejer\u00eda al comprador de vivienda:<\/strong><\/td>\n<td>844-789-3838<\/td>\n<\/tr>\n<\/tbody>\n<\/table>\n<p><span style=\"font-weight: 400;\">Para obtener informaci\u00f3n sobre las <\/span><b>Hipotecas de conversi\u00f3n del capital de la vivienda y la consejer\u00eda sobre hipotecas inversas<\/b><span style=\"font-weight: 400;\">, haga<\/span>, <a title=\"open HUd website in a new window\" href=\"https:\/\/www.hud.gov\/program_offices\/housing\/sfh\/hecm\/hecmhome\" target=\"_blank\" rel=\"noopener\">click aqu\u00ed<\/a> para encontrar una oficina del Departamento de Vivienda y Desarrollo Urbano (HUD, por sus siglas en ingl\u00e9s) cerca de usted. NFDM es una agencia de consejer\u00eda en materia de vivienda aprobada por el HUD.<\/p>\n","protected":false},"excerpt":{"rendered":"<p>Cont\u00e1ctenos a trav\u00e9s de nuestro centro de llamadas. Gracias por visitar nuestro sitio web. Si ya es cliente y necesita ayuda, nuestro equipo de atenci\u00f3n al cliente est\u00e1 disponible de lunes a jueves de 8:30am a 6pm y los viernes de 9am a 5pm EST. Para este servicio por favor llame al 844-985-3586 Si tiene un comentario que compartir o una pregunta general sobre los servicios de NFDM o nuestro&hellip; <\/p>\n","protected":false},"author":1,"featured_media":0,"parent":0,"menu_order":0,"comment_status":"closed","ping_status":"closed","template":"","meta":{"footnotes":""},"class_list":["post-183","page","type-page","status-publish","hentry"],"_links":{"self":[{"href":"https:\/\/nfdm.org\/es\/wp-json\/wp\/v2\/pages\/183","targetHints":{"allow":["GET"]}}],"collection":[{"href":"https:\/\/nfdm.org\/es\/wp-json\/wp\/v2\/pages"}],"about":[{"href":"https:\/\/nfdm.org\/es\/wp-json\/wp\/v2\/types\/page"}],"author":[{"embeddable":true,"href":"https:\/\/nfdm.org\/es\/wp-json\/wp\/v2\/users\/1"}],"replies":[{"embeddable":true,"href":"https:\/\/nfdm.org\/es\/wp-json\/wp\/v2\/comments?post=183"}],"version-history":[{"count":6,"href":"https:\/\/nfdm.org\/es\/wp-json\/wp\/v2\/pages\/183\/revisions"}],"predecessor-version":[{"id":1374,"href":"https:\/\/nfdm.org\/es\/wp-json\/wp\/v2\/pages\/183\/revisions\/1374"}],"wp:attachment":[{"href":"https:\/\/nfdm.org\/es\/wp-json\/wp\/v2\/media?parent=183"}],"curies":[{"name":"wp","href":"https:\/\/api.w.org\/{rel}","templated":true}]}}