{"id":180,"date":"2017-10-10T21:20:12","date_gmt":"2017-10-10T21:20:12","guid":{"rendered":"https:\/\/staging-nfdm.kinsta.cloud\/?page_id=180"},"modified":"2022-05-25T11:15:10","modified_gmt":"2022-05-25T15:15:10","slug":"acerca-de-nfdm","status":"publish","type":"page","link":"https:\/\/nfdm.org\/es\/acerca-de-nfdm\/","title":{"rendered":"Acerca de NFDM"},"content":{"rendered":"<p><img loading=\"lazy\" decoding=\"async\" class=\"alignright size-medium wp-image-512\" src=\"https:\/\/staging-nfdm.kinsta.cloud\/wp-content\/uploads\/2017\/10\/about-us-300x203.jpg\" alt=\"adult students at seminar\" width=\"300\" height=\"203\" \/>Consumer Credit &amp; Budget Counseling, con el nombre de National Foundation for Debt Management (NFDM), es una organizaci\u00f3n educativa sin <span style=\"font-weight: 400;\">fines<\/span> de lucro 501(c)(3) con sede en Marmora, Nueva Jersey, y con una oficina adicional en Clearwater, Florida. El Departamento de Vivienda y Desarrollo Urbano (HUD, por sus siglas en ingl\u00e9s) de los Estados Unidos aprob\u00f3 a NFDM para que ofrezca consejer\u00eda en materia de vivienda para la educaci\u00f3n de los compradores, consejer\u00eda previa a la compra, morosidad hipotecaria, la hipoteca inversa y programas de manejo de deudas. NFDM est\u00e1 autorizado o registrado para operar en 46 estados y ve a los clientes personalmente, as\u00ed como por tel\u00e9fono.<\/p>\n<p>Fuimos fundados para ayudar a las personas a entender mejor sus finanzas personales y retomar el control. NFDM ha ayudado a miles de consumidores a aliviarse de una deuda aplastante y ha ofrecido consejer\u00eda sobre asuntos financieros personales a miles de personas.<\/p>\n<p>Nuestros consejeros y educadores certificados han trabajado con escuelas, grupos comunitarios, iglesias, organizaciones ben\u00e9ficas y otros para ayudar a las personas a aprender destrezas de finanzas personales, desde las m\u00e1s b\u00e1sicas hasta las m\u00e1s avanzadas. Estamos a la vanguardia de un movimiento creciente para promover una comprensi\u00f3n integral de los asuntos financieros a personas de todos los \u00e1mbitos de la vida.<\/p>\n<h2>Organizaciones ben\u00e9ficas<\/h2>\n<p>A lo largo del a\u00f1o, NFDM apoya a muchas organizaciones ben\u00e9ficas locales y nacionales. Como parte de nuestra misi\u00f3n como organizaci\u00f3n sin fines de lucro, tenemos la responsabilidad de contribuir a la comunidad en general y estamos comprometidos a ayudar a otros a alcanzar sus objetivos financieros a trav\u00e9s de la educaci\u00f3n. Animamos a nuestro personal a participar en eventos, tanto dentro como fuera del trabajo, para mejorar nuestras escuelas, fortalecer los barrios y fomentar el servicio voluntario. Nuestro objetivo es hacer una diferencia positiva en la vida de las personas.<\/p>\n<h2><b>Inicie su programa de manejo de deudas personalizado<\/b><\/h2>\n<p><span style=\"font-weight: 400;\">Cuando se registra en el programa de manejo de deudas de NFDM, usted tendr\u00e1 la oportunidad de trabajar con un consejero de cr\u00e9dito certificado. Nuestro experto en manejo de deudas le guiar\u00e1 a trav\u00e9s de una soluci\u00f3n personalizada para sus dificultades financieras.<\/span><\/p>\n","protected":false},"excerpt":{"rendered":"<p>Consumer Credit &amp; Budget Counseling, con el nombre de National Foundation for Debt Management (NFDM), es una organizaci\u00f3n educativa sin fines de lucro 501(c)(3) con sede en Marmora, Nueva Jersey, y con una oficina adicional en Clearwater, Florida. El Departamento de Vivienda y Desarrollo Urbano (HUD, por sus siglas en ingl\u00e9s) de los Estados Unidos aprob\u00f3 a NFDM para que ofrezca consejer\u00eda en materia de vivienda para la educaci\u00f3n de&hellip; <\/p>\n","protected":false},"author":1,"featured_media":0,"parent":0,"menu_order":0,"comment_status":"closed","ping_status":"closed","template":"","meta":{"footnotes":""},"class_list":["post-180","page","type-page","status-publish","hentry"],"_links":{"self":[{"href":"https:\/\/nfdm.org\/es\/wp-json\/wp\/v2\/pages\/180","targetHints":{"allow":["GET"]}}],"collection":[{"href":"https:\/\/nfdm.org\/es\/wp-json\/wp\/v2\/pages"}],"about":[{"href":"https:\/\/nfdm.org\/es\/wp-json\/wp\/v2\/types\/page"}],"author":[{"embeddable":true,"href":"https:\/\/nfdm.org\/es\/wp-json\/wp\/v2\/users\/1"}],"replies":[{"embeddable":true,"href":"https:\/\/nfdm.org\/es\/wp-json\/wp\/v2\/comments?post=180"}],"version-history":[{"count":8,"href":"https:\/\/nfdm.org\/es\/wp-json\/wp\/v2\/pages\/180\/revisions"}],"predecessor-version":[{"id":910,"href":"https:\/\/nfdm.org\/es\/wp-json\/wp\/v2\/pages\/180\/revisions\/910"}],"wp:attachment":[{"href":"https:\/\/nfdm.org\/es\/wp-json\/wp\/v2\/media?parent=180"}],"curies":[{"name":"wp","href":"https:\/\/api.w.org\/{rel}","templated":true}]}}