{"id":16,"date":"2017-09-27T13:45:45","date_gmt":"2017-09-27T17:45:45","guid":{"rendered":"https:\/\/staging-nfdm.kinsta.cloud\/?page_id=16"},"modified":"2022-05-23T15:58:33","modified_gmt":"2022-05-23T19:58:33","slug":"credito-y-deuda","status":"publish","type":"page","link":"https:\/\/nfdm.org\/es\/credito-y-deuda\/","title":{"rendered":"Cr\u00e9dito y deuda"},"content":{"rendered":"<p><img loading=\"lazy\" decoding=\"async\" class=\"alignright size-medium wp-image-511\" src=\"https:\/\/staging-nfdm.kinsta.cloud\/wp-content\/uploads\/2017\/10\/credit-debt-management-300x200.jpg\" alt=\"frustrated man doing his bills\" width=\"300\" height=\"200\" \/>Muchos <span style=\"font-weight: 400;\">consumidores<\/span> se resignan a una vida con deudas, sin posibilidad de ahorrar y con pocas esperanzas de que las cosas puedan cambiar. Seg\u00fan el Employee Benefit Research Institute, m\u00e1s de la mitad de los trabajadores consideran que se est\u00e1n atrasando en los ahorros para el retiro.<\/p>\n<p><span style=\"font-weight: 400;\">Las altas tasas de inter\u00e9s y tarifas de los bancos son s\u00f3lo una parte de la lucha. Los buenos h\u00e1bitos de consumo desempe\u00f1an un papel importante en su capacidad para superar con \u00e9xito sus desaf\u00edos financieros. National Foundation for Debt Management puede ayudarle a entender asuntos relacionados, para que pueda tener \u00e9xito en el manejo de su deuda.<\/span><\/p>\n<h2>Soluciones de NFDM<\/h2>\n<p><span style=\"font-weight: 400;\">NFDM ha ayudado a miles de personas a liberarse de deudas aplastantes y ha ofrecido consejer\u00eda sobre asuntos financieros a muchos otros miles. Hemos trabajado con escuelas, grupos comunitarios, iglesias, organizaciones ben\u00e9ficas y otros para ayudar a las personas a adquirir desde los conocimientos m\u00e1s b\u00e1sicos hasta los m\u00e1s avanzados. Estamos a la vanguardia del creciente movimiento para promover una comprensi\u00f3n m\u00e1s completa de los asuntos financieros a los consumidores en todo Estados Unidos<\/span>.<\/p>\n<p><span style=\"font-weight: 400;\">Los miembros del NFDM aprenden a crear y mantener un presupuesto. Nuestros consejeros, las herramientas para el consumidor y los materiales educativos le indican el camino para analizar su situaci\u00f3n de deuda y desarrollar un plan para realizar tanto sus objetivos a corto plazo como sus sue\u00f1os a largo plazo. Como resultado, puede experimentar la reducci\u00f3n del estr\u00e9s y el alivio de la ansiedad que se produce al retomar el control de su futuro financiero.<\/span><\/p>\n<blockquote style=\"margin-right: 0px;\">\n<p><strong>&gt;<\/strong> <span style=\"font-weight: 400;\">Simplifique su vida.<\/span><br \/><strong>&gt;<\/strong> <span style=\"font-weight: 400;\">Empiece un negocio<\/span>.<br \/><strong>&gt;<\/strong> <span style=\"font-weight: 400;\">Ahorre para el retiro<\/span><span style=\"font-weight: 400;\">.<\/span><\/p>\n<\/blockquote>\n<p>Lea lo que otros han dicho sobre sus experiencias con los programas de NFDM.<\/p>\n<p><strong>Entienda, construya y proteja su futuro financiero.<\/strong><\/p>\n<p><span style=\"font-weight: 400;\">Seleccione uno de los enlaces en esta p\u00e1gina para obtener m\u00e1s informaci\u00f3n sobre los programas de NFDM y<\/span> <a href=\"\/es\/credito-y-deuda\/programas-de-manejo-de-deudas\/\">descubra<\/a>\u00a0lo que es posible cuando se convierte en miembro de NFDM.<\/p>\n<div class=\"row relatedLinksContainer\">\n<ul class=\"relatedLinks\">\n<li><a href=\"\/es\/acerca-de-nfdm\/\">Acerca de NFDM<\/a><\/li>\n<li><a href=\"\/es\/credito-y-deuda\/programas-de-manejo-de-deudas\/\">Programas de manejo de deudas<\/a><\/li>\n<\/ul>\n<\/div>\n\n\n<p><\/p>\n","protected":false},"excerpt":{"rendered":"<p>Muchos consumidores se resignan a una vida con deudas, sin posibilidad de ahorrar y con pocas esperanzas de que las cosas puedan cambiar. Seg\u00fan el Employee Benefit Research Institute, m\u00e1s de la mitad de los trabajadores consideran que se est\u00e1n atrasando en los ahorros para el retiro. Las altas tasas de inter\u00e9s y tarifas de los bancos son s\u00f3lo una parte de la lucha. Los buenos h\u00e1bitos de consumo desempe\u00f1an&hellip; <\/p>\n","protected":false},"author":1,"featured_media":0,"parent":0,"menu_order":0,"comment_status":"closed","ping_status":"closed","template":"","meta":{"footnotes":""},"class_list":["post-16","page","type-page","status-publish","hentry"],"_links":{"self":[{"href":"https:\/\/nfdm.org\/es\/wp-json\/wp\/v2\/pages\/16","targetHints":{"allow":["GET"]}}],"collection":[{"href":"https:\/\/nfdm.org\/es\/wp-json\/wp\/v2\/pages"}],"about":[{"href":"https:\/\/nfdm.org\/es\/wp-json\/wp\/v2\/types\/page"}],"author":[{"embeddable":true,"href":"https:\/\/nfdm.org\/es\/wp-json\/wp\/v2\/users\/1"}],"replies":[{"embeddable":true,"href":"https:\/\/nfdm.org\/es\/wp-json\/wp\/v2\/comments?post=16"}],"version-history":[{"count":3,"href":"https:\/\/nfdm.org\/es\/wp-json\/wp\/v2\/pages\/16\/revisions"}],"predecessor-version":[{"id":892,"href":"https:\/\/nfdm.org\/es\/wp-json\/wp\/v2\/pages\/16\/revisions\/892"}],"wp:attachment":[{"href":"https:\/\/nfdm.org\/es\/wp-json\/wp\/v2\/media?parent=16"}],"curies":[{"name":"wp","href":"https:\/\/api.w.org\/{rel}","templated":true}]}}