{"id":14,"date":"2017-09-27T13:45:31","date_gmt":"2017-09-27T13:45:31","guid":{"rendered":"https:\/\/staging-nfdm.kinsta.cloud\/?page_id=14"},"modified":"2025-08-05T11:59:13","modified_gmt":"2025-08-05T15:59:13","slug":"consejeria-de-vivienda","status":"publish","type":"page","link":"https:\/\/nfdm.org\/es\/consejeria-de-vivienda\/","title":{"rendered":"Consejer\u00eda de vivienda"},"content":{"rendered":"<p><img loading=\"lazy\" decoding=\"async\" class=\"alignright size-medium wp-image-492\" src=\"https:\/\/staging-nfdm.kinsta.cloud\/wp-content\/uploads\/2017\/10\/housing-counseling-300x200.jpg\" alt=\"adult training session\" width=\"300\" height=\"200\" \/>Creemos que una base educativa s\u00f3lida proveer\u00e1 a los compradores de vivienda las habilidades y herramientas necesarias para reparar el cr\u00e9dito, salir de la deuda, y lograr un manejo del dinero s\u00f3lido y adecuado. NFDM ense\u00f1a a los consumidores los fundamentos de <span style=\"font-weight: 400;\">ser due\u00f1o de su<\/span> vivienda, incluyendo el proceso de la hipoteca, los pr\u00e9stamos abusivos, el seguro de la vivienda, la reparaci\u00f3n de la vivienda, los gastos y el mantenimiento, por nombrar algunos.<\/p>\n<p>Los participantes tienen la oportunidad de evaluar su situaci\u00f3n actual y trabajar con los consejeros para elaborar planes dise\u00f1ados para satisfacer necesidades espec\u00edficas. Ofrecemos dos series de talleres educativos: Homebuyers Express para los que est\u00e1n &#8220;casi listos&#8221; en el camino hacia la propiedad de una casa y Homebuyers Club para los que pueden estar lidiando con una variedad de obst\u00e1culos prolongados.<\/p>\n<p>No deje de consultar nuestras p\u00e1ginas. Le hemos facilitado la b\u00fasqueda y el acceso a la informaci\u00f3n que necesita para desarrollar y alcanzar sus objetivos de ser propietario de una vivienda.<\/p>\n<h2><a name=\"rmc\"><\/a>Consejer\u00eda sobre hipoteca inversa<\/h2>\n<p><img loading=\"lazy\" decoding=\"async\" class=\"alignright size-medium wp-image-491\" src=\"https:\/\/staging-nfdm.kinsta.cloud\/wp-content\/uploads\/2017\/10\/reverse-mortgage-counseling-300x200.jpg\" alt=\"senior couple making contract agreement\" width=\"300\" height=\"200\" \/><span style=\"font-weight: 400;\">Cada vez m\u00e1s, las personas retiradas<\/span> buscan formas de complementar sus limitados ingresos. Los propietarios de viviendas mayores de 62 a\u00f1os pueden convertir el capital de su casa en flujo mensual de ingresos y\/o en una l\u00ednea de cr\u00e9dito que se <span style=\"font-weight: 400;\">pag<\/span><span style=\"font-weight: 400;\">ar\u00e1<\/span> cuando ya no ocupen la vivienda. Los consejeros de <span style=\"font-weight: 400;\">National Foundation for Debt Management<\/span> (NFDM), aprobados por el Departamento de Vivienda y Desarrollo Urbano <span style=\"font-weight: 400;\">de EE.UU.<\/span>(HUD, por sus siglas en ingl\u00e9s). para ofrecer consejer\u00eda sobre la hipoteca de conversi\u00f3n del valor l\u00edquido de la vivienda (HECM, por sus siglas en ingl\u00e9s), ayudan a las personas mayores a tomar la decisi\u00f3n m\u00e1s informada posible al considerar sus opciones de hipoteca inversa.<\/p>\n<p>La NFDM proporciona a las personas mayores informaci\u00f3n sobre: importes de los pr\u00e9stamos, opciones de pago, requisitos de propiedad de la vivienda, ventajas y desventajas, y beneficios del programa de hipotecas inversas. Adem\u00e1s, proporcionamos informaci\u00f3n sobre otros programas y alternativas para obtener una hipoteca inversa.<\/p>\n<p>NFDM cuenta con consejeros de la Red Nacional de Consejer\u00eda de HUD\/ HECM calificados para el examen, totalmente capacitados en la etiqueta telef\u00f3nica y en la sensibilidad a las personas mayores, y una tasa de aprobaci\u00f3n del examen HECM que supera el promedio nacional en un 20%. Durante 2014, los consejeros de NFDM realizaron m\u00e1s de 20,000 sesiones. De ellas, m\u00e1s de 400 se llevaron a cabo de forma gratuita para personas mayores que, de otro modo, no pod\u00edan permit\u00edrselo. En estos casos, la sesi\u00f3n gratuita permiti\u00f3 a los clientes que se enfrentaban a la bancarrota, a la ejecuci\u00f3n hipotecaria y al cuidado de un hospicio permanecer en sus hogares.<\/p>\n<p>Todas las sesiones de consejer\u00eda sobre hipotecas inversas siguen el estricto protocolo del HUD. Nuestro prop\u00f3sito, como agencia de consejer\u00eda sobre hipotecas inversas aprobada por el HUD, es asegurarnos de que los propietarios tengan toda la informaci\u00f3n necesaria para tomar una decisi\u00f3n informada con respecto a una hipoteca inversa.<\/p>\n<p>Complete nuestro <a href=\"#housingFormAnchor\">formulario de solicitud de contacto<\/a>\u00a0para que un consejero de NFDM le ayude con su situaci\u00f3n.<\/p>\n<p><span class=\"arial11dkgray\"><span class=\"arial11dkblueBold\">P\u00f3ngase en contacto con Russell Graves al 844-789-3838<\/span><\/span><\/p>\n<p><span class=\"arial11dkgray\">Correo electr\u00f3nico: <a href=\"mailto:rgraves@nfdm.org\">rgraves@nfdm.org<\/a><\/span><\/p>\n<hr \/>\n<div class=\"linkList\">\n<ul>\n<li><a href=\"\/es\/consejeria-de-vivienda\/compradores-de-viviendas\/\">Futuros propietarios de viviendas<\/a><\/li>\n<li><a href=\"\/es\/consejeria-de-vivienda\/propietarios-de-viviendas\/\">Propietarios de viviendas<\/a><\/li>\n<li><a href=\"\/es\/consejeria-de-vivienda\/propietarios-de-viviendas\/consejeria-sobre-hecm-e-hipotecas-inversas\">Consejer\u00eda sobre la hipoteca de conversi\u00f3n del capital de la vivienda (HECM, por sus siglas en ingl\u00e9s) \/ Hipoteca inversa<\/a><\/li>\n<\/ul>\n<\/div>\n<div class=\"row callout\">\n<h3>Manejo de deudas<\/h3>\n<p>Cuando se inscriba en el programa de manejo de deudas de NFDM, usted tendr\u00e1 la oportunidad de trabajar con un consejero de cr\u00e9dito certificado. Nuestro experto en manejo de deudas lo guiar\u00e1 a trav\u00e9s de una soluci\u00f3n personalizada para sus dificultades financieras.<\/p>\n<ul>\n<li>Simplifique su vida.<\/li>\n<li>Empice un negocio.<\/li>\n<li>Ahorre para su retiro.<\/li>\n<\/ul>\n<p><span style=\"font-weight: 400;\">Los consejeros financieros certificados de la NFDM han ayudado a miles de personas a obtener alivio de las deudas aplastantes, y hemos ofrecido asistencia profesional y confidencial en asuntos financieros personales a otras miles de personas. Hemos trabajado con escuelas, grupos comunitarios, iglesias, organizaciones ben\u00e9ficas y otras entidades para ayudar a personas y familias a adquirir conocimientos desde los m\u00e1s b\u00e1sicos hasta los m\u00e1s avanzados. Estamos a la vanguardia del creciente movimiento para proporcionar una comprensi\u00f3n m\u00e1s completa de los asuntos financieros a los consumidores de todo Estados Unidos.<\/span><\/p>\n<p><a href=\"\/es\/credito-y-deuda\/programas-de-manejo-de-deudas\/\">M\u00e1s informaci\u00f3n sobre nuestros programas de manejo de deudas<\/a><\/p>\n<\/div>\n","protected":false},"excerpt":{"rendered":"<p>Creemos que una base educativa s\u00f3lida proveer\u00e1 a los compradores de vivienda las habilidades y herramientas necesarias para reparar el cr\u00e9dito, salir de la deuda, y lograr un manejo del dinero s\u00f3lido y adecuado. NFDM ense\u00f1a a los consumidores los fundamentos de ser due\u00f1o de su vivienda, incluyendo el proceso de la hipoteca, los pr\u00e9stamos abusivos, el seguro de la vivienda, la reparaci\u00f3n de la vivienda, los gastos y el&hellip; <\/p>\n","protected":false},"author":1,"featured_media":0,"parent":0,"menu_order":0,"comment_status":"closed","ping_status":"closed","template":"layouts\/page-housing-sidebar.php","meta":{"footnotes":""},"class_list":["post-14","page","type-page","status-publish","hentry"],"_links":{"self":[{"href":"https:\/\/nfdm.org\/es\/wp-json\/wp\/v2\/pages\/14","targetHints":{"allow":["GET"]}}],"collection":[{"href":"https:\/\/nfdm.org\/es\/wp-json\/wp\/v2\/pages"}],"about":[{"href":"https:\/\/nfdm.org\/es\/wp-json\/wp\/v2\/types\/page"}],"author":[{"embeddable":true,"href":"https:\/\/nfdm.org\/es\/wp-json\/wp\/v2\/users\/1"}],"replies":[{"embeddable":true,"href":"https:\/\/nfdm.org\/es\/wp-json\/wp\/v2\/comments?post=14"}],"version-history":[{"count":7,"href":"https:\/\/nfdm.org\/es\/wp-json\/wp\/v2\/pages\/14\/revisions"}],"predecessor-version":[{"id":1365,"href":"https:\/\/nfdm.org\/es\/wp-json\/wp\/v2\/pages\/14\/revisions\/1365"}],"wp:attachment":[{"href":"https:\/\/nfdm.org\/es\/wp-json\/wp\/v2\/media?parent=14"}],"curies":[{"name":"wp","href":"https:\/\/api.w.org\/{rel}","templated":true}]}}