{"id":1385,"date":"2025-08-14T11:29:09","date_gmt":"2025-08-14T15:29:09","guid":{"rendered":"https:\/\/nfdm.org\/es\/?page_id=1385"},"modified":"2025-08-14T17:12:56","modified_gmt":"2025-08-14T21:12:56","slug":"solicitud-de-datos","status":"publish","type":"page","link":"https:\/\/nfdm.org\/es\/solicitud-de-datos\/","title":{"rendered":"Solicitud de datos"},"content":{"rendered":"\n<div id=\"dr\">\n\n\n\n<h2 class=\"wp-block-heading\" id=\"h-nfdm-credit-pagina-de-solicitud-de-datos\"><strong>NFDM<\/strong> <strong>P\u00e1gina de Solicitud de Datos<\/strong><\/h2>\n\n\n\n<p>En funci\u00f3n de su lugar de residencia, puede utilizar este portal para realizar ciertas solicitudes con respecto a su informaci\u00f3n personal recopilada, conservada y compartida por consolidadcredit.org.<a id=\"_msocom_1\"><\/a><\/p>\n\n\n\n<p>Si decide enviar una solicitud de datos para modificar su informaci\u00f3n personal en nuestro poder, evaluaremos la solicitud para determinar (en funci\u00f3n de la totalidad de las circunstancias) si lo m\u00e1s probable es que su solicitud sea precisa y actualizaremos su informaci\u00f3n personal en funci\u00f3n de la informaci\u00f3n proporcionada en su solicitud. Consideraremos cualquier documentaci\u00f3n que proporcione en respaldo de su solicitud como parte de nuestra evaluaci\u00f3n para modificar su informaci\u00f3n personal. Tambi\u00e9n puede solicitar que limitemos el uso de cualquier informaci\u00f3n confidencial que se encuentre en nuestro poder (por ejemplo, n\u00famero de seguro social, informaci\u00f3n de la cuenta, etc.). Puede enviarnos documentaci\u00f3n de respaldo por correo electr\u00f3nico a <u><a href=\"mailto:admin@nfdm.org\">admin@nfdm.org<\/a><\/u>.<\/p>\n\n\n\n<p>Puede realizar su solicitud por medio del formulario a continuaci\u00f3n, envi\u00e1ndonos un correo electr\u00f3nico a <u><a href=\"mailto:admin@nfdm.org\">admin@nfdm.org<\/a><\/u>, o llam\u00e1ndonos gratis al 866-264-0379. Tenga en cuenta que cualquier solicitud realizada por tel\u00e9fono, debe posteriormente ser enviada por escrito. Confirmaremos la recepci\u00f3n de su solicitud dentro de los 10 d\u00edas h\u00e1biles siguientes a su env\u00edo. Si bien intentaremos cumplir con su solicitud lo antes posible, de todos modos, en funci\u00f3n de su estado de residencia, tenemos 45 d\u00edas iniciales, con la posibilidad de solicitar tiempo adicional, para responder con la confirmaci\u00f3n de la correcci\u00f3n o una explicaci\u00f3n de las razones por las que no pudimos corregir su informaci\u00f3n personal. Adem\u00e1s, en funci\u00f3n de su estado de residencia, tambi\u00e9n podr\u00edamos informarle que necesitamos d\u00edas adicionales para responder a su solicitud, inform\u00e1ndole el motivo y la cantidad de tiempo adicional necesario. El per\u00edodo de extensi\u00f3n de nuestra respuesta puede variar de un estado a otro, pero no exceder\u00e1 el tiempo permitido por la ley.<\/p>\n\n\n\n<p>Seg\u00fan el tipo de solicitud que env\u00ede, podremos compartir su solicitud de datos con organizaciones externas y la informaci\u00f3n compartida con estas. Si corresponde, solicitaremos a ciertas organizaciones externas que cumplan con sus solicitudes de datos y proporcionen verificaci\u00f3n de cumplimiento. No podemos garantizar que todas las organizaciones externas cumplir\u00e1n con las solicitudes de datos. Le informaremos sobre las organizaciones externas con las que hemos compartido su informaci\u00f3n, de modo que si desea solicitar datos a alguna de ellas, usted pueda presentar su solicitud directamente a esa organizaci\u00f3n. Seg\u00fan el tipo de solicitud, es posible que no podamos prestarle nuestros servicios.<\/p>\n\n\n\n<p>Puede encontrar informaci\u00f3n adicional sobre c\u00f3mo usamos y divulgamos informaci\u00f3n personal, incluidos los tipos de organizaciones externas a quienes divulgamos informaci\u00f3n y los m\u00e9todos por los cuales puede comunicarse con nosotros si tiene preguntas, en nuestra <u><a href=\"\/es\/sus-derechos-de-privacidad\/\">Pol\u00edtica de privacidad<\/a><\/u>.&nbsp;Antes de enviar su solicitud de datos, le recomendamos leer y considerar la Pol\u00edtica de Privacidad. Toda la informaci\u00f3n marcada con * es obligatoria.<\/p>\n<\/div>\n<p> <\/p>\n<\/div>\n","protected":false},"excerpt":{"rendered":"<p>NFDM P\u00e1gina de Solicitud de Datos En funci\u00f3n de su lugar de residencia, puede utilizar este portal para realizar ciertas solicitudes con respecto a su informaci\u00f3n personal recopilada, conservada y compartida por consolidadcredit.org. Si decide enviar una solicitud de datos para modificar su informaci\u00f3n personal en nuestro poder, evaluaremos la solicitud para determinar (en funci\u00f3n de la totalidad de las circunstancias) si lo m\u00e1s probable es que su solicitud sea&hellip; <\/p>\n","protected":false},"author":1,"featured_media":0,"parent":0,"menu_order":0,"comment_status":"closed","ping_status":"closed","template":"layouts\/page-data-request.php","meta":{"footnotes":""},"class_list":["post-1385","page","type-page","status-publish","hentry"],"_links":{"self":[{"href":"https:\/\/nfdm.org\/es\/wp-json\/wp\/v2\/pages\/1385","targetHints":{"allow":["GET"]}}],"collection":[{"href":"https:\/\/nfdm.org\/es\/wp-json\/wp\/v2\/pages"}],"about":[{"href":"https:\/\/nfdm.org\/es\/wp-json\/wp\/v2\/types\/page"}],"author":[{"embeddable":true,"href":"https:\/\/nfdm.org\/es\/wp-json\/wp\/v2\/users\/1"}],"replies":[{"embeddable":true,"href":"https:\/\/nfdm.org\/es\/wp-json\/wp\/v2\/comments?post=1385"}],"version-history":[{"count":4,"href":"https:\/\/nfdm.org\/es\/wp-json\/wp\/v2\/pages\/1385\/revisions"}],"predecessor-version":[{"id":1410,"href":"https:\/\/nfdm.org\/es\/wp-json\/wp\/v2\/pages\/1385\/revisions\/1410"}],"wp:attachment":[{"href":"https:\/\/nfdm.org\/es\/wp-json\/wp\/v2\/media?parent=1385"}],"curies":[{"name":"wp","href":"https:\/\/api.w.org\/{rel}","templated":true}]}}